{"id":2357,"date":"2025-05-26T15:20:56","date_gmt":"2025-05-26T15:20:56","guid":{"rendered":"https:\/\/camping-lescentchenes.fr\/cookies-trackers\/"},"modified":"2026-04-07T18:16:25","modified_gmt":"2026-04-07T18:16:25","slug":"cookies-trackers","status":"publish","type":"page","link":"https:\/\/camping-lescentchenes.fr\/en\/cookies-trackers\/","title":{"rendered":"Cookies &amp; trackers"},"content":{"rendered":"\t\t<div data-elementor-type=\"wp-page\" data-elementor-id=\"2357\" class=\"elementor elementor-2357 elementor-756\" data-elementor-post-type=\"page\">\n\t\t\t\t<div class=\"elementor-element elementor-element-c1a8732 e-flex e-con-boxed elementor-invisible e-con e-parent\" data-id=\"c1a8732\" data-element_type=\"container\" data-e-type=\"container\" data-settings=\"{&quot;animation&quot;:&quot;fadeIn&quot;}\">\n\t\t\t\t\t<div class=\"e-con-inner\">\n\t\t<div class=\"elementor-element elementor-element-d782307 e-con-full e-flex e-con e-child\" data-id=\"d782307\" data-element_type=\"container\" data-e-type=\"container\">\n\t\t\t\t<div class=\"elementor-element elementor-element-6d51e0d elementor-widget elementor-widget-heading\" data-id=\"6d51e0d\" data-element_type=\"widget\" data-e-type=\"widget\" data-widget_type=\"heading.default\">\n\t\t\t\t<div class=\"elementor-widget-container\">\n\t\t\t\t\t<h1 class=\"elementor-heading-title elementor-size-default\">Cookies &amp; trackers<\/h1>\t\t\t\t<\/div>\n\t\t\t\t<\/div>\n\t\t\t\t<div class=\"elementor-element elementor-element-5bd0014 elementor-widget elementor-widget-heading\" data-id=\"5bd0014\" data-element_type=\"widget\" data-e-type=\"widget\" data-widget_type=\"heading.default\">\n\t\t\t\t<div class=\"elementor-widget-container\">\n\t\t\t\t\t<p class=\"elementor-heading-title elementor-size-default\">Last updated: 2025-05-26<\/p>\t\t\t\t<\/div>\n\t\t\t\t<\/div>\n\t\t\t\t<\/div>\n\t\t\t\t<div class=\"elementor-element elementor-element-5691aee elementor-widget elementor-widget-image\" data-id=\"5691aee\" data-element_type=\"widget\" data-e-type=\"widget\" data-widget_type=\"image.default\">\n\t\t\t\t<div class=\"elementor-widget-container\">\n\t\t\t\t\t\t\t\t\t\t\t\t\t\t\t<img decoding=\"async\" width=\"500\" height=\"84\" src=\"https:\/\/camping-lescentchenes.fr\/wp-content\/uploads\/2025\/05\/Camping-proche-de-Nice-dans-les-Alpes-Maritimes-a-Saint-Jeannet-\u2013-Reserver-un-mobil-home-pres-de-Vence-et-Cagnes-sur-Mer-Olivier1.png\" class=\"attachment-large size-large wp-image-2318\" alt=\"\" srcset=\"https:\/\/camping-lescentchenes.fr\/wp-content\/uploads\/2025\/05\/Camping-proche-de-Nice-dans-les-Alpes-Maritimes-a-Saint-Jeannet-\u2013-Reserver-un-mobil-home-pres-de-Vence-et-Cagnes-sur-Mer-Olivier1.png 500w, https:\/\/camping-lescentchenes.fr\/wp-content\/uploads\/2025\/05\/Camping-proche-de-Nice-dans-les-Alpes-Maritimes-a-Saint-Jeannet-\u2013-Reserver-un-mobil-home-pres-de-Vence-et-Cagnes-sur-Mer-Olivier1-300x50.png 300w\" sizes=\"(max-width: 500px) 100vw, 500px\" \/>\t\t\t\t\t\t\t\t\t\t\t\t\t\t\t<\/div>\n\t\t\t\t<\/div>\n\t\t\t\t<div class=\"elementor-element elementor-element-1e10652 elementor-widget elementor-widget-text-editor\" data-id=\"1e10652\" data-element_type=\"widget\" data-e-type=\"widget\" data-widget_type=\"text-editor.default\">\n\t\t\t\t<div class=\"elementor-widget-container\">\n\t\t\t\t\t\t\t\t\t<p>While browsing our website, cookies may be placed on your device for a maximum period of 18 months. These cookies cannot be used to retrieve personal data stored on your hard drive, install viruses, run programs, read your email address, or access your personal information. <\/p><p>A <strong>cookie<\/strong> is a text file temporarily or permanently stored on your device by our site&#8217;s server.<\/p><p><strong>These can be:<\/strong><\/p><ul><li><strong>Session cookies<\/strong>, which are deleted when you leave our site;<\/li><li><strong>Permanent cookies<\/strong>, which are kept to recognize you during your next visits.<\/li><\/ul><p>These cookies generally contain an identifier or a code to improve your browsing experience. They are not nominative and do not allow you to be personally identified. Their purpose is to collect information about your navigation, such as the number of clicks made, in order to perform statistical analyses and improve our services.  <\/p><p> <\/p><h2><strong>  1. Your consent:<\/strong><\/h2><p>As soon as you arrive on our site <a href=\"https:\/\/www.camping-lescentchenes.fr\/\"><strong>www.camping-lescentchenes.fr<\/strong><\/a>, a notification informs you about the use of cookies.<\/p><p><strong>You can:<\/strong><\/p><ul><li>Accept or refuse their use immediately.<\/li><li>Change your preferences at any time by configuring your browser settings (for example: in the &#8220;Options&#8221; or &#8220;Preferences&#8221; tab).<\/li><li> <\/li><\/ul><h2><strong>  2. Use of cookies:<\/strong><\/h2><p><strong>The information collected via cookies allows us to:<\/strong><\/p><ul><li>Analyze your journey on our site to optimize your user experience.<\/li><li>Produce statistics on site traffic.<\/li><li>Offer you content and deals tailored to your interests.<\/li><\/ul><p>Some external cookies, particularly those related to advertisements, allow advertising campaigns to be personalized according to your preferences, while limiting their repetition.<\/p><p> <\/p><h2><strong>  3. Browsing without cookies:<\/strong><\/h2><p>Using our site is possible without accepting cookies. However, some features might be limited or less effective. <\/p>\t\t\t\t\t\t\t\t<\/div>\n\t\t\t\t<\/div>\n\t\t\t\t\t<\/div>\n\t\t\t\t<\/div>\n\t\t\t\t<\/div>\n\t\t","protected":false},"excerpt":{"rendered":"<p>Cookies &amp; trackers Last updated: 2025-05-26 While browsing our website, cookies may be placed on your device for a maximum period of 18 months. These cookies cannot be used to retrieve personal data stored on your hard drive, install viruses, run programs, read your email address, or access your personal information. A cookie is a [&hellip;]<\/p>\n","protected":false},"author":1,"featured_media":2353,"parent":0,"menu_order":0,"comment_status":"closed","ping_status":"closed","template":"","meta":{"footnotes":""},"class_list":["post-2357","page","type-page","status-publish","has-post-thumbnail","hentry"],"yoast_head":"<!-- This site is optimized with the Yoast SEO plugin v27.3 - https:\/\/yoast.com\/product\/yoast-seo-wordpress\/ -->\n<title>Cookies &amp; trackers - Camping Les Cent Ch\u00eanes<\/title>\n<meta name=\"description\" content=\"Location de mobil-homes et emplacements de camping familial au calme pr\u00e8s de Nice et Vence \u00e0 Saint-Jeannet dans les Alpes-Maritimes. Piscine et cadre nature, r\u00e9server votre s\u00e9jour.\" \/>\n<meta name=\"robots\" content=\"noindex, nofollow\" \/>\n<meta property=\"og:locale\" content=\"en_US\" \/>\n<meta property=\"og:type\" content=\"article\" \/>\n<meta property=\"og:title\" content=\"Cookies &amp; trackers - Camping Les Cent Ch\u00eanes\" \/>\n<meta property=\"og:description\" content=\"Location de mobil-homes et emplacements de camping familial au calme pr\u00e8s de Nice et Vence \u00e0 Saint-Jeannet dans les Alpes-Maritimes. Piscine et cadre nature, r\u00e9server votre s\u00e9jour.\" \/>\n<meta property=\"og:url\" content=\"https:\/\/camping-lescentchenes.fr\/en\/cookies-trackers\/\" \/>\n<meta property=\"og:site_name\" content=\"Camping Les Cent Ch\u00eanes\" \/>\n<meta property=\"article:publisher\" content=\"https:\/\/www.facebook.com\/campinglescentchenes06\/\" \/>\n<meta property=\"article:modified_time\" content=\"2026-04-07T18:16:25+00:00\" \/>\n<meta property=\"og:image\" content=\"https:\/\/camping-lescentchenes.fr\/wp-content\/uploads\/2025\/05\/Camping-proche-de-Nice-dans-les-Alpes-Maritimes-a-Saint-Jeannet-\u2013-Reserver-un-mobil-home-pres-de-Vence-et-Cagnes-sur-Mer-3.png\" \/>\n\t<meta property=\"og:image:width\" content=\"2200\" \/>\n\t<meta property=\"og:image:height\" content=\"1200\" \/>\n\t<meta property=\"og:image:type\" content=\"image\/png\" \/>\n<meta name=\"twitter:card\" content=\"summary_large_image\" \/>\n<meta name=\"twitter:label1\" content=\"Est. reading time\" \/>\n\t<meta name=\"twitter:data1\" content=\"1 minute\" \/>\n<script type=\"application\/ld+json\" class=\"yoast-schema-graph\">{\"@context\":\"https:\\\/\\\/schema.org\",\"@graph\":[{\"@type\":\"WebPage\",\"@id\":\"https:\\\/\\\/camping-lescentchenes.fr\\\/en\\\/cookies-trackers\\\/\",\"url\":\"https:\\\/\\\/camping-lescentchenes.fr\\\/en\\\/cookies-trackers\\\/\",\"name\":\"Cookies &amp; trackers - Camping Les Cent Ch\u00eanes\",\"isPartOf\":{\"@id\":\"https:\\\/\\\/camping-lescentchenes.fr\\\/en\\\/#website\"},\"primaryImageOfPage\":{\"@id\":\"https:\\\/\\\/camping-lescentchenes.fr\\\/en\\\/cookies-trackers\\\/#primaryimage\"},\"image\":{\"@id\":\"https:\\\/\\\/camping-lescentchenes.fr\\\/en\\\/cookies-trackers\\\/#primaryimage\"},\"thumbnailUrl\":\"https:\\\/\\\/camping-lescentchenes.fr\\\/wp-content\\\/uploads\\\/2025\\\/05\\\/Camping-proche-de-Nice-dans-les-Alpes-Maritimes-a-Saint-Jeannet-\u2013-Reserver-un-mobil-home-pres-de-Vence-et-Cagnes-sur-Mer-3.png\",\"datePublished\":\"2025-05-26T15:20:56+00:00\",\"dateModified\":\"2026-04-07T18:16:25+00:00\",\"description\":\"Location de mobil-homes et emplacements de camping familial au calme pr\u00e8s de Nice et Vence \u00e0 Saint-Jeannet dans les Alpes-Maritimes. Piscine et cadre nature, r\u00e9server votre s\u00e9jour.\",\"breadcrumb\":{\"@id\":\"https:\\\/\\\/camping-lescentchenes.fr\\\/en\\\/cookies-trackers\\\/#breadcrumb\"},\"inLanguage\":\"en-US\",\"potentialAction\":[{\"@type\":\"ReadAction\",\"target\":[\"https:\\\/\\\/camping-lescentchenes.fr\\\/en\\\/cookies-trackers\\\/\"]}]},{\"@type\":\"ImageObject\",\"inLanguage\":\"en-US\",\"@id\":\"https:\\\/\\\/camping-lescentchenes.fr\\\/en\\\/cookies-trackers\\\/#primaryimage\",\"url\":\"https:\\\/\\\/camping-lescentchenes.fr\\\/wp-content\\\/uploads\\\/2025\\\/05\\\/Camping-proche-de-Nice-dans-les-Alpes-Maritimes-a-Saint-Jeannet-\u2013-Reserver-un-mobil-home-pres-de-Vence-et-Cagnes-sur-Mer-3.png\",\"contentUrl\":\"https:\\\/\\\/camping-lescentchenes.fr\\\/wp-content\\\/uploads\\\/2025\\\/05\\\/Camping-proche-de-Nice-dans-les-Alpes-Maritimes-a-Saint-Jeannet-\u2013-Reserver-un-mobil-home-pres-de-Vence-et-Cagnes-sur-Mer-3.png\",\"width\":2200,\"height\":1200},{\"@type\":\"BreadcrumbList\",\"@id\":\"https:\\\/\\\/camping-lescentchenes.fr\\\/en\\\/cookies-trackers\\\/#breadcrumb\",\"itemListElement\":[{\"@type\":\"ListItem\",\"position\":1,\"name\":\"Accueil\",\"item\":\"https:\\\/\\\/camping-lescentchenes.fr\\\/en\\\/home\\\/\"},{\"@type\":\"ListItem\",\"position\":2,\"name\":\"Cookies &amp; trackers\"}]},{\"@type\":\"WebSite\",\"@id\":\"https:\\\/\\\/camping-lescentchenes.fr\\\/en\\\/#website\",\"url\":\"https:\\\/\\\/camping-lescentchenes.fr\\\/en\\\/\",\"name\":\"Camping Les Cent Ch\u00eanes\",\"description\":\"Camping proche de Nice et des plages \u00e0 Saint-Jeannet dans les Alpes-Maritimes Camping Les Cent Ch\u00eanes\",\"publisher\":{\"@id\":\"https:\\\/\\\/camping-lescentchenes.fr\\\/en\\\/#organization\"},\"alternateName\":\"Camping avec piscine pr\u00e8s de Nice et Vence Les Cent Ch\u00eanes\",\"potentialAction\":[{\"@type\":\"SearchAction\",\"target\":{\"@type\":\"EntryPoint\",\"urlTemplate\":\"https:\\\/\\\/camping-lescentchenes.fr\\\/en\\\/?s={search_term_string}\"},\"query-input\":{\"@type\":\"PropertyValueSpecification\",\"valueRequired\":true,\"valueName\":\"search_term_string\"}}],\"inLanguage\":\"en-US\"},{\"@type\":\"Organization\",\"@id\":\"https:\\\/\\\/camping-lescentchenes.fr\\\/en\\\/#organization\",\"name\":\"Camping avec piscine proche de Nice dans les Alpes-Maritimes \u00e0 Saint-Jeannet\",\"alternateName\":\"Camping avec piscine pr\u00e8s de Nice et Vence Les Cent Ch\u00eanes\",\"url\":\"https:\\\/\\\/camping-lescentchenes.fr\\\/en\\\/\",\"logo\":{\"@type\":\"ImageObject\",\"inLanguage\":\"en-US\",\"@id\":\"https:\\\/\\\/camping-lescentchenes.fr\\\/en\\\/#\\\/schema\\\/logo\\\/image\\\/\",\"url\":\"https:\\\/\\\/camping-lescentchenes.fr\\\/wp-content\\\/uploads\\\/2026\\\/01\\\/Camping-pres-de-Nice-et-Vence-a-Saint-Jeannet-dans-les-Alpes-Maritimes-Location-mobil-homes-et-emplacements-pres-de-Nice-et-Vence-sur-la-Cote-dAzur-06.png\",\"contentUrl\":\"https:\\\/\\\/camping-lescentchenes.fr\\\/wp-content\\\/uploads\\\/2026\\\/01\\\/Camping-pres-de-Nice-et-Vence-a-Saint-Jeannet-dans-les-Alpes-Maritimes-Location-mobil-homes-et-emplacements-pres-de-Nice-et-Vence-sur-la-Cote-dAzur-06.png\",\"width\":156,\"height\":156,\"caption\":\"Camping avec piscine proche de Nice dans les Alpes-Maritimes \u00e0 Saint-Jeannet\"},\"image\":{\"@id\":\"https:\\\/\\\/camping-lescentchenes.fr\\\/en\\\/#\\\/schema\\\/logo\\\/image\\\/\"},\"sameAs\":[\"https:\\\/\\\/www.facebook.com\\\/campinglescentchenes06\\\/\",\"https:\\\/\\\/www.instagram.com\\\/campinglescentchenes\\\/\"]}]}<\/script>\n<!-- \/ Yoast SEO plugin. -->","yoast_head_json":{"title":"Cookies &amp; trackers - Camping Les Cent Ch\u00eanes","description":"Location de mobil-homes et emplacements de camping familial au calme pr\u00e8s de Nice et Vence \u00e0 Saint-Jeannet dans les Alpes-Maritimes. Piscine et cadre nature, r\u00e9server votre s\u00e9jour.","robots":{"index":"noindex","follow":"nofollow"},"og_locale":"en_US","og_type":"article","og_title":"Cookies &amp; trackers - Camping Les Cent Ch\u00eanes","og_description":"Location de mobil-homes et emplacements de camping familial au calme pr\u00e8s de Nice et Vence \u00e0 Saint-Jeannet dans les Alpes-Maritimes. Piscine et cadre nature, r\u00e9server votre s\u00e9jour.","og_url":"https:\/\/camping-lescentchenes.fr\/en\/cookies-trackers\/","og_site_name":"Camping Les Cent Ch\u00eanes","article_publisher":"https:\/\/www.facebook.com\/campinglescentchenes06\/","article_modified_time":"2026-04-07T18:16:25+00:00","og_image":[{"width":2200,"height":1200,"url":"https:\/\/camping-lescentchenes.fr\/wp-content\/uploads\/2025\/05\/Camping-proche-de-Nice-dans-les-Alpes-Maritimes-a-Saint-Jeannet-\u2013-Reserver-un-mobil-home-pres-de-Vence-et-Cagnes-sur-Mer-3.png","type":"image\/png"}],"twitter_card":"summary_large_image","twitter_misc":{"Est. reading time":"1 minute"},"schema":{"@context":"https:\/\/schema.org","@graph":[{"@type":"WebPage","@id":"https:\/\/camping-lescentchenes.fr\/en\/cookies-trackers\/","url":"https:\/\/camping-lescentchenes.fr\/en\/cookies-trackers\/","name":"Cookies &amp; trackers - Camping Les Cent Ch\u00eanes","isPartOf":{"@id":"https:\/\/camping-lescentchenes.fr\/en\/#website"},"primaryImageOfPage":{"@id":"https:\/\/camping-lescentchenes.fr\/en\/cookies-trackers\/#primaryimage"},"image":{"@id":"https:\/\/camping-lescentchenes.fr\/en\/cookies-trackers\/#primaryimage"},"thumbnailUrl":"https:\/\/camping-lescentchenes.fr\/wp-content\/uploads\/2025\/05\/Camping-proche-de-Nice-dans-les-Alpes-Maritimes-a-Saint-Jeannet-\u2013-Reserver-un-mobil-home-pres-de-Vence-et-Cagnes-sur-Mer-3.png","datePublished":"2025-05-26T15:20:56+00:00","dateModified":"2026-04-07T18:16:25+00:00","description":"Location de mobil-homes et emplacements de camping familial au calme pr\u00e8s de Nice et Vence \u00e0 Saint-Jeannet dans les Alpes-Maritimes. Piscine et cadre nature, r\u00e9server votre s\u00e9jour.","breadcrumb":{"@id":"https:\/\/camping-lescentchenes.fr\/en\/cookies-trackers\/#breadcrumb"},"inLanguage":"en-US","potentialAction":[{"@type":"ReadAction","target":["https:\/\/camping-lescentchenes.fr\/en\/cookies-trackers\/"]}]},{"@type":"ImageObject","inLanguage":"en-US","@id":"https:\/\/camping-lescentchenes.fr\/en\/cookies-trackers\/#primaryimage","url":"https:\/\/camping-lescentchenes.fr\/wp-content\/uploads\/2025\/05\/Camping-proche-de-Nice-dans-les-Alpes-Maritimes-a-Saint-Jeannet-\u2013-Reserver-un-mobil-home-pres-de-Vence-et-Cagnes-sur-Mer-3.png","contentUrl":"https:\/\/camping-lescentchenes.fr\/wp-content\/uploads\/2025\/05\/Camping-proche-de-Nice-dans-les-Alpes-Maritimes-a-Saint-Jeannet-\u2013-Reserver-un-mobil-home-pres-de-Vence-et-Cagnes-sur-Mer-3.png","width":2200,"height":1200},{"@type":"BreadcrumbList","@id":"https:\/\/camping-lescentchenes.fr\/en\/cookies-trackers\/#breadcrumb","itemListElement":[{"@type":"ListItem","position":1,"name":"Accueil","item":"https:\/\/camping-lescentchenes.fr\/en\/home\/"},{"@type":"ListItem","position":2,"name":"Cookies &amp; trackers"}]},{"@type":"WebSite","@id":"https:\/\/camping-lescentchenes.fr\/en\/#website","url":"https:\/\/camping-lescentchenes.fr\/en\/","name":"Camping Les Cent Ch\u00eanes","description":"Camping proche de Nice et des plages \u00e0 Saint-Jeannet dans les Alpes-Maritimes Camping Les Cent Ch\u00eanes","publisher":{"@id":"https:\/\/camping-lescentchenes.fr\/en\/#organization"},"alternateName":"Camping avec piscine pr\u00e8s de Nice et Vence Les Cent Ch\u00eanes","potentialAction":[{"@type":"SearchAction","target":{"@type":"EntryPoint","urlTemplate":"https:\/\/camping-lescentchenes.fr\/en\/?s={search_term_string}"},"query-input":{"@type":"PropertyValueSpecification","valueRequired":true,"valueName":"search_term_string"}}],"inLanguage":"en-US"},{"@type":"Organization","@id":"https:\/\/camping-lescentchenes.fr\/en\/#organization","name":"Camping avec piscine proche de Nice dans les Alpes-Maritimes \u00e0 Saint-Jeannet","alternateName":"Camping avec piscine pr\u00e8s de Nice et Vence Les Cent Ch\u00eanes","url":"https:\/\/camping-lescentchenes.fr\/en\/","logo":{"@type":"ImageObject","inLanguage":"en-US","@id":"https:\/\/camping-lescentchenes.fr\/en\/#\/schema\/logo\/image\/","url":"https:\/\/camping-lescentchenes.fr\/wp-content\/uploads\/2026\/01\/Camping-pres-de-Nice-et-Vence-a-Saint-Jeannet-dans-les-Alpes-Maritimes-Location-mobil-homes-et-emplacements-pres-de-Nice-et-Vence-sur-la-Cote-dAzur-06.png","contentUrl":"https:\/\/camping-lescentchenes.fr\/wp-content\/uploads\/2026\/01\/Camping-pres-de-Nice-et-Vence-a-Saint-Jeannet-dans-les-Alpes-Maritimes-Location-mobil-homes-et-emplacements-pres-de-Nice-et-Vence-sur-la-Cote-dAzur-06.png","width":156,"height":156,"caption":"Camping avec piscine proche de Nice dans les Alpes-Maritimes \u00e0 Saint-Jeannet"},"image":{"@id":"https:\/\/camping-lescentchenes.fr\/en\/#\/schema\/logo\/image\/"},"sameAs":["https:\/\/www.facebook.com\/campinglescentchenes06\/","https:\/\/www.instagram.com\/campinglescentchenes\/"]}]}},"_links":{"self":[{"href":"https:\/\/camping-lescentchenes.fr\/en\/wp-json\/wp\/v2\/pages\/2357","targetHints":{"allow":["GET"]}}],"collection":[{"href":"https:\/\/camping-lescentchenes.fr\/en\/wp-json\/wp\/v2\/pages"}],"about":[{"href":"https:\/\/camping-lescentchenes.fr\/en\/wp-json\/wp\/v2\/types\/page"}],"author":[{"embeddable":true,"href":"https:\/\/camping-lescentchenes.fr\/en\/wp-json\/wp\/v2\/users\/1"}],"replies":[{"embeddable":true,"href":"https:\/\/camping-lescentchenes.fr\/en\/wp-json\/wp\/v2\/comments?post=2357"}],"version-history":[{"count":1,"href":"https:\/\/camping-lescentchenes.fr\/en\/wp-json\/wp\/v2\/pages\/2357\/revisions"}],"predecessor-version":[{"id":2358,"href":"https:\/\/camping-lescentchenes.fr\/en\/wp-json\/wp\/v2\/pages\/2357\/revisions\/2358"}],"wp:featuredmedia":[{"embeddable":true,"href":"https:\/\/camping-lescentchenes.fr\/en\/wp-json\/wp\/v2\/media\/2353"}],"wp:attachment":[{"href":"https:\/\/camping-lescentchenes.fr\/en\/wp-json\/wp\/v2\/media?parent=2357"}],"curies":[{"name":"wp","href":"https:\/\/api.w.org\/{rel}","templated":true}]}}