{"id":2404,"date":"2025-05-26T15:14:17","date_gmt":"2025-05-26T15:14:17","guid":{"rendered":"https:\/\/camping-lescentchenes.fr\/privacy-policies\/"},"modified":"2026-04-07T18:17:43","modified_gmt":"2026-04-07T18:17:43","slug":"privacy-policies","status":"publish","type":"page","link":"https:\/\/camping-lescentchenes.fr\/en\/privacy-policies\/","title":{"rendered":"Privacy Policies"},"content":{"rendered":"\t\t<div data-elementor-type=\"wp-page\" data-elementor-id=\"2404\" class=\"elementor elementor-2404 elementor-749\" data-elementor-post-type=\"page\">\n\t\t\t\t<div class=\"elementor-element elementor-element-e75e6ce e-flex e-con-boxed elementor-invisible e-con e-parent\" data-id=\"e75e6ce\" data-element_type=\"container\" data-e-type=\"container\" data-settings=\"{&quot;animation&quot;:&quot;fadeIn&quot;}\">\n\t\t\t\t\t<div class=\"e-con-inner\">\n\t\t<div class=\"elementor-element elementor-element-4310bf5 e-con-full e-flex e-con e-child\" data-id=\"4310bf5\" data-element_type=\"container\" data-e-type=\"container\">\n\t\t\t\t<div class=\"elementor-element elementor-element-0f39bad elementor-widget elementor-widget-heading\" data-id=\"0f39bad\" data-element_type=\"widget\" data-e-type=\"widget\" data-widget_type=\"heading.default\">\n\t\t\t\t<div class=\"elementor-widget-container\">\n\t\t\t\t\t<h1 class=\"elementor-heading-title elementor-size-default\">Privacy Policy<\/h1>\t\t\t\t<\/div>\n\t\t\t\t<\/div>\n\t\t\t\t<div class=\"elementor-element elementor-element-ccfd3d4 elementor-widget elementor-widget-heading\" data-id=\"ccfd3d4\" data-element_type=\"widget\" data-e-type=\"widget\" data-widget_type=\"heading.default\">\n\t\t\t\t<div class=\"elementor-widget-container\">\n\t\t\t\t\t<p class=\"elementor-heading-title elementor-size-default\">Last updated: 2025-05-26<\/p>\t\t\t\t<\/div>\n\t\t\t\t<\/div>\n\t\t\t\t<\/div>\n\t\t\t\t<div class=\"elementor-element elementor-element-1f1c523 elementor-widget elementor-widget-image\" data-id=\"1f1c523\" data-element_type=\"widget\" data-e-type=\"widget\" data-widget_type=\"image.default\">\n\t\t\t\t<div class=\"elementor-widget-container\">\n\t\t\t\t\t\t\t\t\t\t\t\t\t\t\t<img decoding=\"async\" width=\"500\" height=\"84\" src=\"https:\/\/camping-lescentchenes.fr\/wp-content\/uploads\/2025\/05\/Camping-proche-de-Nice-dans-les-Alpes-Maritimes-a-Saint-Jeannet-\u2013-Reserver-un-mobil-home-pres-de-Vence-et-Cagnes-sur-Mer-Olivier1.png\" class=\"attachment-large size-large wp-image-2318\" alt=\"\" srcset=\"https:\/\/camping-lescentchenes.fr\/wp-content\/uploads\/2025\/05\/Camping-proche-de-Nice-dans-les-Alpes-Maritimes-a-Saint-Jeannet-\u2013-Reserver-un-mobil-home-pres-de-Vence-et-Cagnes-sur-Mer-Olivier1.png 500w, https:\/\/camping-lescentchenes.fr\/wp-content\/uploads\/2025\/05\/Camping-proche-de-Nice-dans-les-Alpes-Maritimes-a-Saint-Jeannet-\u2013-Reserver-un-mobil-home-pres-de-Vence-et-Cagnes-sur-Mer-Olivier1-300x50.png 300w\" sizes=\"(max-width: 500px) 100vw, 500px\" \/>\t\t\t\t\t\t\t\t\t\t\t\t\t\t\t<\/div>\n\t\t\t\t<\/div>\n\t\t\t\t<div class=\"elementor-element elementor-element-66d25fc elementor-widget elementor-widget-text-editor\" data-id=\"66d25fc\" data-element_type=\"widget\" data-e-type=\"widget\" data-widget_type=\"text-editor.default\">\n\t\t\t\t<div class=\"elementor-widget-container\">\n\t\t\t\t\t\t\t\t\t<p>At <strong>Camping Les Cent Ch\u00eanes<\/strong>, we place great importance on protecting your personal data. This policy explains what data we collect, how we use it, and your rights. <\/p><p> <\/p><h2><strong>  1. Personal data we collect<\/strong><\/h2><p>We collect only the data necessary for our activities related to campsites, caravan parks, recreational vehicles, and accommodation.<\/p><p>This includes:<\/p><ul><li><strong>Identification and contact information<\/strong>: last name, first name, place and date of birth, ID card or passport number, postal address, email address, phone number, gender, age, signature, family situation (e.g., number of children).<\/li><li><strong>Interaction data<\/strong>: information collected via our website <a href=\"https:\/\/www.camping-lescentchenes.fr\/\"><strong>www.camping-lescentchenes.fr<\/strong><\/a>, our mobile app, our social media pages (Facebook, Instagram), as well as during phone calls or email exchanges.<\/li><li><strong>Sensitive data<\/strong>: subject to your explicit consent, we may collect health data to meet your specific needs.<\/li><\/ul><p>This data may be collected directly from you or via our partners and service providers as part of our commercial and communication activities.<\/p><p> <\/p><h2><strong>  2. Why do we use your personal data?<\/strong><\/h2><p>We use your data to:<\/p><ul><li>Perform a contract or provide pre-contractual information.<\/li><li>Manage your booking requests and assist you in subscribing to our services.<\/li><li>Inform you about our offers and services.<\/li><li>Assess your needs to improve our customer relationship.<\/li><li>Manage cancellation insurance products, where applicable.<\/li><\/ul><p> <\/p><h2><strong>  3. Data retention period<\/strong><\/h2><p>Your personal data is kept only for as long as necessary to meet our legal and contractual obligations:<\/p><ul><li><strong>5 years<\/strong>: for contracts related to a business relationship.<\/li><li><strong>10 years<\/strong>: for invoices and contracts concluded electronically.<\/li><\/ul><p> <\/p><h2><strong>  4. Your rights regarding your personal data<\/strong><\/h2><p>You have the following rights:<\/p><ul><li><strong>Right of access<\/strong>: obtain information about the processing of your data and a copy of it.<\/li><li><strong>Right to rectification<\/strong>: request the correction of inaccurate or incomplete data.<\/li><li><strong>Right to erasure<\/strong>: request the deletion of your data within legal limits.<\/li><li><strong>Right to restriction<\/strong>: request a temporary or permanent restriction on the processing of your data.<\/li><li><strong>Right to object<\/strong>: object to processing for personal reasons or refuse any use for commercial prospecting purposes.<\/li><li><strong>Right to data portability<\/strong>: receive your data in a structured format or have it transferred to a third party.<\/li><li><strong>Right to set post-mortem instructions<\/strong>: regarding the management of your data after your death.<\/li><li><strong>Right to withdraw your consent<\/strong>: if you gave it for a specific processing activity, you can withdraw it at any time.<\/li><\/ul><p> <\/p><h2><strong>  5. Exercising your rights<\/strong><\/h2><p>To exercise your rights, contact us:<\/p><ul><li>By email: <a href=\"mailto:info@camping-lescentchenes.fr\"><strong>info@camping-lescentchenes.fr<\/strong><\/a><\/li><li>By post: <strong>Les Cent Ch\u00eanes 1205 route de Ggattieres, 06 640 Saint-Jeannet<\/strong><\/li><\/ul><p>If you have any questions about how your data is used, you can also contact our Data Protection Officer using the contact details above.<\/p><p> <\/p><h2><strong>  6. Changes to this policy<\/strong><\/h2><p>We reserve the right to update this policy to reflect legislative or organizational changes. The current version will always be available on our website. <\/p>\t\t\t\t\t\t\t\t<\/div>\n\t\t\t\t<\/div>\n\t\t\t\t\t<\/div>\n\t\t\t\t<\/div>\n\t\t\t\t<\/div>\n\t\t","protected":false},"excerpt":{"rendered":"<p>Privacy Policy Last updated: 2025-05-26 At Camping Les Cent Ch\u00eanes, we place great importance on protecting your personal data. This policy explains what data we collect, how we use it, and your rights. 1. Personal data we collect We collect only the data necessary for our activities related to campsites, caravan parks, recreational vehicles, and [&hellip;]<\/p>\n","protected":false},"author":1,"featured_media":2353,"parent":0,"menu_order":0,"comment_status":"closed","ping_status":"closed","template":"","meta":{"footnotes":""},"class_list":["post-2404","page","type-page","status-publish","has-post-thumbnail","hentry"],"yoast_head":"<!-- This site is optimized with the Yoast SEO plugin v27.3 - https:\/\/yoast.com\/product\/yoast-seo-wordpress\/ -->\n<title>Privacy Policies - Camping Les Cent Ch\u00eanes<\/title>\n<meta name=\"description\" content=\"Location de mobil-homes et emplacements de camping familial au calme pr\u00e8s de Nice et Vence \u00e0 Saint-Jeannet dans les Alpes-Maritimes. Piscine et cadre nature, r\u00e9server votre s\u00e9jour.\" \/>\n<meta name=\"robots\" content=\"noindex, nofollow\" \/>\n<meta property=\"og:locale\" content=\"en_US\" \/>\n<meta property=\"og:type\" content=\"article\" \/>\n<meta property=\"og:title\" content=\"Privacy Policies - Camping Les Cent Ch\u00eanes\" \/>\n<meta property=\"og:description\" content=\"Location de mobil-homes et emplacements de camping familial au calme pr\u00e8s de Nice et Vence \u00e0 Saint-Jeannet dans les Alpes-Maritimes. Piscine et cadre nature, r\u00e9server votre s\u00e9jour.\" \/>\n<meta property=\"og:url\" content=\"https:\/\/camping-lescentchenes.fr\/en\/privacy-policies\/\" \/>\n<meta property=\"og:site_name\" content=\"Camping Les Cent Ch\u00eanes\" \/>\n<meta property=\"article:publisher\" content=\"https:\/\/www.facebook.com\/campinglescentchenes06\/\" \/>\n<meta property=\"article:modified_time\" content=\"2026-04-07T18:17:43+00:00\" \/>\n<meta property=\"og:image\" content=\"https:\/\/camping-lescentchenes.fr\/wp-content\/uploads\/2025\/05\/Camping-proche-de-Nice-dans-les-Alpes-Maritimes-a-Saint-Jeannet-\u2013-Reserver-un-mobil-home-pres-de-Vence-et-Cagnes-sur-Mer-3.png\" \/>\n\t<meta property=\"og:image:width\" content=\"2200\" \/>\n\t<meta property=\"og:image:height\" content=\"1200\" \/>\n\t<meta property=\"og:image:type\" content=\"image\/png\" \/>\n<meta name=\"twitter:card\" content=\"summary_large_image\" \/>\n<meta name=\"twitter:label1\" content=\"Est. reading time\" \/>\n\t<meta name=\"twitter:data1\" content=\"2 minutes\" \/>\n<script type=\"application\/ld+json\" class=\"yoast-schema-graph\">{\"@context\":\"https:\\\/\\\/schema.org\",\"@graph\":[{\"@type\":\"WebPage\",\"@id\":\"https:\\\/\\\/camping-lescentchenes.fr\\\/en\\\/privacy-policies\\\/\",\"url\":\"https:\\\/\\\/camping-lescentchenes.fr\\\/en\\\/privacy-policies\\\/\",\"name\":\"Privacy Policies - Camping Les Cent Ch\u00eanes\",\"isPartOf\":{\"@id\":\"https:\\\/\\\/camping-lescentchenes.fr\\\/en\\\/#website\"},\"primaryImageOfPage\":{\"@id\":\"https:\\\/\\\/camping-lescentchenes.fr\\\/en\\\/privacy-policies\\\/#primaryimage\"},\"image\":{\"@id\":\"https:\\\/\\\/camping-lescentchenes.fr\\\/en\\\/privacy-policies\\\/#primaryimage\"},\"thumbnailUrl\":\"https:\\\/\\\/camping-lescentchenes.fr\\\/wp-content\\\/uploads\\\/2025\\\/05\\\/Camping-proche-de-Nice-dans-les-Alpes-Maritimes-a-Saint-Jeannet-\u2013-Reserver-un-mobil-home-pres-de-Vence-et-Cagnes-sur-Mer-3.png\",\"datePublished\":\"2025-05-26T15:14:17+00:00\",\"dateModified\":\"2026-04-07T18:17:43+00:00\",\"description\":\"Location de mobil-homes et emplacements de camping familial au calme pr\u00e8s de Nice et Vence \u00e0 Saint-Jeannet dans les Alpes-Maritimes. Piscine et cadre nature, r\u00e9server votre s\u00e9jour.\",\"breadcrumb\":{\"@id\":\"https:\\\/\\\/camping-lescentchenes.fr\\\/en\\\/privacy-policies\\\/#breadcrumb\"},\"inLanguage\":\"en-US\",\"potentialAction\":[{\"@type\":\"ReadAction\",\"target\":[\"https:\\\/\\\/camping-lescentchenes.fr\\\/en\\\/privacy-policies\\\/\"]}]},{\"@type\":\"ImageObject\",\"inLanguage\":\"en-US\",\"@id\":\"https:\\\/\\\/camping-lescentchenes.fr\\\/en\\\/privacy-policies\\\/#primaryimage\",\"url\":\"https:\\\/\\\/camping-lescentchenes.fr\\\/wp-content\\\/uploads\\\/2025\\\/05\\\/Camping-proche-de-Nice-dans-les-Alpes-Maritimes-a-Saint-Jeannet-\u2013-Reserver-un-mobil-home-pres-de-Vence-et-Cagnes-sur-Mer-3.png\",\"contentUrl\":\"https:\\\/\\\/camping-lescentchenes.fr\\\/wp-content\\\/uploads\\\/2025\\\/05\\\/Camping-proche-de-Nice-dans-les-Alpes-Maritimes-a-Saint-Jeannet-\u2013-Reserver-un-mobil-home-pres-de-Vence-et-Cagnes-sur-Mer-3.png\",\"width\":2200,\"height\":1200},{\"@type\":\"BreadcrumbList\",\"@id\":\"https:\\\/\\\/camping-lescentchenes.fr\\\/en\\\/privacy-policies\\\/#breadcrumb\",\"itemListElement\":[{\"@type\":\"ListItem\",\"position\":1,\"name\":\"Accueil\",\"item\":\"https:\\\/\\\/camping-lescentchenes.fr\\\/en\\\/home\\\/\"},{\"@type\":\"ListItem\",\"position\":2,\"name\":\"Privacy Policies\"}]},{\"@type\":\"WebSite\",\"@id\":\"https:\\\/\\\/camping-lescentchenes.fr\\\/en\\\/#website\",\"url\":\"https:\\\/\\\/camping-lescentchenes.fr\\\/en\\\/\",\"name\":\"Camping Les Cent Ch\u00eanes\",\"description\":\"Camping proche de Nice et des plages \u00e0 Saint-Jeannet dans les Alpes-Maritimes Camping Les Cent Ch\u00eanes\",\"publisher\":{\"@id\":\"https:\\\/\\\/camping-lescentchenes.fr\\\/en\\\/#organization\"},\"alternateName\":\"Camping avec piscine pr\u00e8s de Nice et Vence Les Cent Ch\u00eanes\",\"potentialAction\":[{\"@type\":\"SearchAction\",\"target\":{\"@type\":\"EntryPoint\",\"urlTemplate\":\"https:\\\/\\\/camping-lescentchenes.fr\\\/en\\\/?s={search_term_string}\"},\"query-input\":{\"@type\":\"PropertyValueSpecification\",\"valueRequired\":true,\"valueName\":\"search_term_string\"}}],\"inLanguage\":\"en-US\"},{\"@type\":\"Organization\",\"@id\":\"https:\\\/\\\/camping-lescentchenes.fr\\\/en\\\/#organization\",\"name\":\"Camping avec piscine proche de Nice dans les Alpes-Maritimes \u00e0 Saint-Jeannet\",\"alternateName\":\"Camping avec piscine pr\u00e8s de Nice et Vence Les Cent Ch\u00eanes\",\"url\":\"https:\\\/\\\/camping-lescentchenes.fr\\\/en\\\/\",\"logo\":{\"@type\":\"ImageObject\",\"inLanguage\":\"en-US\",\"@id\":\"https:\\\/\\\/camping-lescentchenes.fr\\\/en\\\/#\\\/schema\\\/logo\\\/image\\\/\",\"url\":\"https:\\\/\\\/camping-lescentchenes.fr\\\/wp-content\\\/uploads\\\/2026\\\/01\\\/Camping-pres-de-Nice-et-Vence-a-Saint-Jeannet-dans-les-Alpes-Maritimes-Location-mobil-homes-et-emplacements-pres-de-Nice-et-Vence-sur-la-Cote-dAzur-06.png\",\"contentUrl\":\"https:\\\/\\\/camping-lescentchenes.fr\\\/wp-content\\\/uploads\\\/2026\\\/01\\\/Camping-pres-de-Nice-et-Vence-a-Saint-Jeannet-dans-les-Alpes-Maritimes-Location-mobil-homes-et-emplacements-pres-de-Nice-et-Vence-sur-la-Cote-dAzur-06.png\",\"width\":156,\"height\":156,\"caption\":\"Camping avec piscine proche de Nice dans les Alpes-Maritimes \u00e0 Saint-Jeannet\"},\"image\":{\"@id\":\"https:\\\/\\\/camping-lescentchenes.fr\\\/en\\\/#\\\/schema\\\/logo\\\/image\\\/\"},\"sameAs\":[\"https:\\\/\\\/www.facebook.com\\\/campinglescentchenes06\\\/\",\"https:\\\/\\\/www.instagram.com\\\/campinglescentchenes\\\/\"]}]}<\/script>\n<!-- \/ Yoast SEO plugin. -->","yoast_head_json":{"title":"Privacy Policies - Camping Les Cent Ch\u00eanes","description":"Location de mobil-homes et emplacements de camping familial au calme pr\u00e8s de Nice et Vence \u00e0 Saint-Jeannet dans les Alpes-Maritimes. Piscine et cadre nature, r\u00e9server votre s\u00e9jour.","robots":{"index":"noindex","follow":"nofollow"},"og_locale":"en_US","og_type":"article","og_title":"Privacy Policies - Camping Les Cent Ch\u00eanes","og_description":"Location de mobil-homes et emplacements de camping familial au calme pr\u00e8s de Nice et Vence \u00e0 Saint-Jeannet dans les Alpes-Maritimes. Piscine et cadre nature, r\u00e9server votre s\u00e9jour.","og_url":"https:\/\/camping-lescentchenes.fr\/en\/privacy-policies\/","og_site_name":"Camping Les Cent Ch\u00eanes","article_publisher":"https:\/\/www.facebook.com\/campinglescentchenes06\/","article_modified_time":"2026-04-07T18:17:43+00:00","og_image":[{"width":2200,"height":1200,"url":"https:\/\/camping-lescentchenes.fr\/wp-content\/uploads\/2025\/05\/Camping-proche-de-Nice-dans-les-Alpes-Maritimes-a-Saint-Jeannet-\u2013-Reserver-un-mobil-home-pres-de-Vence-et-Cagnes-sur-Mer-3.png","type":"image\/png"}],"twitter_card":"summary_large_image","twitter_misc":{"Est. reading time":"2 minutes"},"schema":{"@context":"https:\/\/schema.org","@graph":[{"@type":"WebPage","@id":"https:\/\/camping-lescentchenes.fr\/en\/privacy-policies\/","url":"https:\/\/camping-lescentchenes.fr\/en\/privacy-policies\/","name":"Privacy Policies - Camping Les Cent Ch\u00eanes","isPartOf":{"@id":"https:\/\/camping-lescentchenes.fr\/en\/#website"},"primaryImageOfPage":{"@id":"https:\/\/camping-lescentchenes.fr\/en\/privacy-policies\/#primaryimage"},"image":{"@id":"https:\/\/camping-lescentchenes.fr\/en\/privacy-policies\/#primaryimage"},"thumbnailUrl":"https:\/\/camping-lescentchenes.fr\/wp-content\/uploads\/2025\/05\/Camping-proche-de-Nice-dans-les-Alpes-Maritimes-a-Saint-Jeannet-\u2013-Reserver-un-mobil-home-pres-de-Vence-et-Cagnes-sur-Mer-3.png","datePublished":"2025-05-26T15:14:17+00:00","dateModified":"2026-04-07T18:17:43+00:00","description":"Location de mobil-homes et emplacements de camping familial au calme pr\u00e8s de Nice et Vence \u00e0 Saint-Jeannet dans les Alpes-Maritimes. Piscine et cadre nature, r\u00e9server votre s\u00e9jour.","breadcrumb":{"@id":"https:\/\/camping-lescentchenes.fr\/en\/privacy-policies\/#breadcrumb"},"inLanguage":"en-US","potentialAction":[{"@type":"ReadAction","target":["https:\/\/camping-lescentchenes.fr\/en\/privacy-policies\/"]}]},{"@type":"ImageObject","inLanguage":"en-US","@id":"https:\/\/camping-lescentchenes.fr\/en\/privacy-policies\/#primaryimage","url":"https:\/\/camping-lescentchenes.fr\/wp-content\/uploads\/2025\/05\/Camping-proche-de-Nice-dans-les-Alpes-Maritimes-a-Saint-Jeannet-\u2013-Reserver-un-mobil-home-pres-de-Vence-et-Cagnes-sur-Mer-3.png","contentUrl":"https:\/\/camping-lescentchenes.fr\/wp-content\/uploads\/2025\/05\/Camping-proche-de-Nice-dans-les-Alpes-Maritimes-a-Saint-Jeannet-\u2013-Reserver-un-mobil-home-pres-de-Vence-et-Cagnes-sur-Mer-3.png","width":2200,"height":1200},{"@type":"BreadcrumbList","@id":"https:\/\/camping-lescentchenes.fr\/en\/privacy-policies\/#breadcrumb","itemListElement":[{"@type":"ListItem","position":1,"name":"Accueil","item":"https:\/\/camping-lescentchenes.fr\/en\/home\/"},{"@type":"ListItem","position":2,"name":"Privacy Policies"}]},{"@type":"WebSite","@id":"https:\/\/camping-lescentchenes.fr\/en\/#website","url":"https:\/\/camping-lescentchenes.fr\/en\/","name":"Camping Les Cent Ch\u00eanes","description":"Camping proche de Nice et des plages \u00e0 Saint-Jeannet dans les Alpes-Maritimes Camping Les Cent Ch\u00eanes","publisher":{"@id":"https:\/\/camping-lescentchenes.fr\/en\/#organization"},"alternateName":"Camping avec piscine pr\u00e8s de Nice et Vence Les Cent Ch\u00eanes","potentialAction":[{"@type":"SearchAction","target":{"@type":"EntryPoint","urlTemplate":"https:\/\/camping-lescentchenes.fr\/en\/?s={search_term_string}"},"query-input":{"@type":"PropertyValueSpecification","valueRequired":true,"valueName":"search_term_string"}}],"inLanguage":"en-US"},{"@type":"Organization","@id":"https:\/\/camping-lescentchenes.fr\/en\/#organization","name":"Camping avec piscine proche de Nice dans les Alpes-Maritimes \u00e0 Saint-Jeannet","alternateName":"Camping avec piscine pr\u00e8s de Nice et Vence Les Cent Ch\u00eanes","url":"https:\/\/camping-lescentchenes.fr\/en\/","logo":{"@type":"ImageObject","inLanguage":"en-US","@id":"https:\/\/camping-lescentchenes.fr\/en\/#\/schema\/logo\/image\/","url":"https:\/\/camping-lescentchenes.fr\/wp-content\/uploads\/2026\/01\/Camping-pres-de-Nice-et-Vence-a-Saint-Jeannet-dans-les-Alpes-Maritimes-Location-mobil-homes-et-emplacements-pres-de-Nice-et-Vence-sur-la-Cote-dAzur-06.png","contentUrl":"https:\/\/camping-lescentchenes.fr\/wp-content\/uploads\/2026\/01\/Camping-pres-de-Nice-et-Vence-a-Saint-Jeannet-dans-les-Alpes-Maritimes-Location-mobil-homes-et-emplacements-pres-de-Nice-et-Vence-sur-la-Cote-dAzur-06.png","width":156,"height":156,"caption":"Camping avec piscine proche de Nice dans les Alpes-Maritimes \u00e0 Saint-Jeannet"},"image":{"@id":"https:\/\/camping-lescentchenes.fr\/en\/#\/schema\/logo\/image\/"},"sameAs":["https:\/\/www.facebook.com\/campinglescentchenes06\/","https:\/\/www.instagram.com\/campinglescentchenes\/"]}]}},"_links":{"self":[{"href":"https:\/\/camping-lescentchenes.fr\/en\/wp-json\/wp\/v2\/pages\/2404","targetHints":{"allow":["GET"]}}],"collection":[{"href":"https:\/\/camping-lescentchenes.fr\/en\/wp-json\/wp\/v2\/pages"}],"about":[{"href":"https:\/\/camping-lescentchenes.fr\/en\/wp-json\/wp\/v2\/types\/page"}],"author":[{"embeddable":true,"href":"https:\/\/camping-lescentchenes.fr\/en\/wp-json\/wp\/v2\/users\/1"}],"replies":[{"embeddable":true,"href":"https:\/\/camping-lescentchenes.fr\/en\/wp-json\/wp\/v2\/comments?post=2404"}],"version-history":[{"count":1,"href":"https:\/\/camping-lescentchenes.fr\/en\/wp-json\/wp\/v2\/pages\/2404\/revisions"}],"predecessor-version":[{"id":2405,"href":"https:\/\/camping-lescentchenes.fr\/en\/wp-json\/wp\/v2\/pages\/2404\/revisions\/2405"}],"wp:featuredmedia":[{"embeddable":true,"href":"https:\/\/camping-lescentchenes.fr\/en\/wp-json\/wp\/v2\/media\/2353"}],"wp:attachment":[{"href":"https:\/\/camping-lescentchenes.fr\/en\/wp-json\/wp\/v2\/media?parent=2404"}],"curies":[{"name":"wp","href":"https:\/\/api.w.org\/{rel}","templated":true}]}}