{"id":2406,"date":"2025-05-26T15:06:57","date_gmt":"2025-05-26T15:06:57","guid":{"rendered":"https:\/\/camping-lescentchenes.fr\/legal-notice\/"},"modified":"2026-04-07T18:17:44","modified_gmt":"2026-04-07T18:17:44","slug":"legal-notice","status":"publish","type":"page","link":"https:\/\/camping-lescentchenes.fr\/en\/legal-notice\/","title":{"rendered":"Legal notice"},"content":{"rendered":"\t\t<div data-elementor-type=\"wp-page\" data-elementor-id=\"2406\" class=\"elementor elementor-2406 elementor-739\" data-elementor-post-type=\"page\">\n\t\t\t\t<div class=\"elementor-element elementor-element-8572081 e-flex e-con-boxed elementor-invisible e-con e-parent\" data-id=\"8572081\" data-element_type=\"container\" data-e-type=\"container\" data-settings=\"{&quot;animation&quot;:&quot;fadeIn&quot;}\">\n\t\t\t\t\t<div class=\"e-con-inner\">\n\t\t<div class=\"elementor-element elementor-element-9d59a5e e-con-full e-flex e-con e-child\" data-id=\"9d59a5e\" data-element_type=\"container\" data-e-type=\"container\">\n\t\t\t\t<div class=\"elementor-element elementor-element-c84e3ef elementor-widget elementor-widget-heading\" data-id=\"c84e3ef\" data-element_type=\"widget\" data-e-type=\"widget\" data-widget_type=\"heading.default\">\n\t\t\t\t<div class=\"elementor-widget-container\">\n\t\t\t\t\t<h1 class=\"elementor-heading-title elementor-size-default\">Legal notice<\/h1>\t\t\t\t<\/div>\n\t\t\t\t<\/div>\n\t\t\t\t<\/div>\n\t\t\t\t<div class=\"elementor-element elementor-element-cd7604c elementor-widget elementor-widget-image\" data-id=\"cd7604c\" data-element_type=\"widget\" data-e-type=\"widget\" data-widget_type=\"image.default\">\n\t\t\t\t<div class=\"elementor-widget-container\">\n\t\t\t\t\t\t\t\t\t\t\t\t\t\t\t<img decoding=\"async\" width=\"500\" height=\"84\" src=\"https:\/\/camping-lescentchenes.fr\/wp-content\/uploads\/2025\/05\/Camping-proche-de-Nice-dans-les-Alpes-Maritimes-a-Saint-Jeannet-\u2013-Reserver-un-mobil-home-pres-de-Vence-et-Cagnes-sur-Mer-Olivier1.png\" class=\"attachment-large size-large wp-image-2318\" alt=\"\" srcset=\"https:\/\/camping-lescentchenes.fr\/wp-content\/uploads\/2025\/05\/Camping-proche-de-Nice-dans-les-Alpes-Maritimes-a-Saint-Jeannet-\u2013-Reserver-un-mobil-home-pres-de-Vence-et-Cagnes-sur-Mer-Olivier1.png 500w, https:\/\/camping-lescentchenes.fr\/wp-content\/uploads\/2025\/05\/Camping-proche-de-Nice-dans-les-Alpes-Maritimes-a-Saint-Jeannet-\u2013-Reserver-un-mobil-home-pres-de-Vence-et-Cagnes-sur-Mer-Olivier1-300x50.png 300w\" sizes=\"(max-width: 500px) 100vw, 500px\" \/>\t\t\t\t\t\t\t\t\t\t\t\t\t\t\t<\/div>\n\t\t\t\t<\/div>\n\t\t\t\t<div class=\"elementor-element elementor-element-a2422a2 elementor-widget elementor-widget-text-editor\" data-id=\"a2422a2\" data-element_type=\"widget\" data-e-type=\"widget\" data-widget_type=\"text-editor.default\">\n\t\t\t\t<div class=\"elementor-widget-container\">\n\t\t\t\t\t\t\t\t\t<h2><strong>  1. Website presentation:<\/strong><\/h2><p>Pursuant to Article 6 of Law No. 2004-575 of June 21, 2004 on confidence in the digital economy, users of the website <a href=\"https:\/\/www.camping-lescentchenes.fr\/\"><strong>www.camping-lescentchenes.fr<\/strong><\/a> are informed of the identity of the various parties involved in its creation and monitoring:<\/p><ul><li><strong>Owner &amp; Publishing Director: <\/strong>B\u00e9n\u00e9dicte and Emmanuel Larroque<\/li><li><strong>Website creation, SEO and SEA:  <\/strong><\/li><\/ul><p> <\/p><p>EMAVISTA<\/p><p>Opposite 5 avenue Marcel Dassault<\/p><p>92150 Suresnes<\/p><p>Email: emmanuelle@emavista.com<\/p><p>Tel. : +33 (0)6 61 84 25 10  <\/p><p><a href=\"http:\/\/www.emavista.fr\"><strong>www.emavista.fr<\/strong><\/a><\/p><p> <\/p><p><strong>Website host:<\/strong><\/p><p>INFOMANIAK NETWORK SA<\/p><p>26 Avenue de la Praille<\/p><p>1227 Carouge<\/p><p>Geneva (SWITZERLAND)<\/p><p>Tel. : +41 (0)22 820 35 44<\/p><p><a href=\"https:\/\/www.infomaniak.com\/fr\"><strong>www.infomaniak.com\/fr<\/strong><\/a><\/p><p> <\/p><h2><strong>  2. General terms of use of the website and the services offered:<\/strong><\/h2><p>Use of the website <a href=\"https:\/\/www.camping-lescentchenes.fr\/\"><strong>www.camping-lescentchenes.fr<\/strong><\/a> implies full and complete acceptance of the general terms of use described below. <\/p><p>These terms of use may be modified or supplemented at any time; users of the website <a href=\"https:\/\/www.camping-lescentchenes.fr\/\"><strong>www.camping-lescentchenes.fr<\/strong><\/a> are therefore invited to consult them regularly.<\/p><p>This website is normally accessible to users at all times. However, an interruption for technical maintenance may be decided by <a href=\"https:\/\/www.camping-lescentchenes.fr\/\"><strong>www.camping-lescentchenes.fr<\/strong><\/a>, which will then endeavor to inform users in advance of the dates and times of the intervention. <\/p><p>The website <a href=\"https:\/\/www.camping-lescentchenes.fr\/\"><strong>www.camping-lescentchenes.fr<\/strong><\/a> is updated regularly by the Publishing Director. Likewise, the legal notice may be modified at any time; it nevertheless remains binding on the user, who is invited to refer to it as often as possible in order to be aware of it. <\/p><p> <\/p><h2> <strong>3. Description of the services<\/strong> provided<strong>:<\/strong><\/h2><p>The purpose of the website <a href=\"https:\/\/www.camping-lescentchenes.fr\/\"><strong>www.camping-lescentchenes.fr<\/strong><\/a> is to provide information about all of the company\u2019s activities.<\/p><p>The Publishing Director strives to provide information on the website <a href=\"https:\/\/www.camping-lescentchenes.fr\/\"><strong>www.camping-lescentchenes.fr<\/strong><\/a> that is as accurate as possible. However, they cannot be held liable for omissions, inaccuracies, or failures to update, whether due to their own actions or those of third-party partners who provide this information. <\/p><p>All information provided on the website <a href=\"https:\/\/www.camping-lescentchenes.fr\/\"><strong>www.camping-lescentchenes.fr<\/strong><\/a> is for informational purposes only and is subject to change. Furthermore, the information appearing on the website <a href=\"https:\/\/www.camping-lescentchenes.fr\/\"><strong>www.camping-lescentchenes.fr<\/strong><\/a> is not exhaustive. It is provided subject to changes having been made since it was published online.  <\/p><p> <\/p><h2><strong>  4. Contractual limitations on technical data:<\/strong><\/h2><p>The website uses WordPress technology. The website cannot be held liable for material damage related to use of the website. In addition, the user agrees to access the website using recent equipment that is free of viruses and with a latest-generation browser that is up to date.  <\/p><p> <\/p><h2><strong>  5. Intellectual property and counterfeiting:<\/strong><\/h2><p><strong>Camping Les Cent Ch\u00eanes<\/strong> owns the intellectual property rights or holds the rights of use to all elements accessible on the website, including texts, images, graphics, logos, icons, sounds, and software.<\/p><p>Any reproduction, representation, modification, publication, or adaptation of all or part of the elements of the website, by any means or process whatsoever, is prohibited, except with the prior written authorization of the Publishing Director.<\/p><p>Any unauthorized use of the website or any of the elements it contains will be considered an act of infringement and prosecuted in accordance with the provisions of Articles L.335-2 and following of the French Intellectual Property Code.<\/p><p> <\/p><h2><strong>  6. Limitations of liability:<\/strong><\/h2><p><strong>Camping Les Cent Ch\u00eanes <\/strong>cannot be held liable for direct or indirect damage caused to the user\u2019s equipment when accessing the website <a href=\"https:\/\/www.camping-lescentchenes.fr\/\"><strong>www.camping-lescentchenes.fr<\/strong><\/a>, resulting either from the use of equipment that does not meet the specifications indicated in point 4, or from the appearance of a bug or incompatibility.<\/p><p><strong>Camping Les Cent Ch\u00eanes <\/strong>cannot be held liable either for indirect damage (such as, for example, loss of business or loss of opportunity) resulting from use of the website <a href=\"https:\/\/www.camping-lescentchenes.fr\/\"><strong>www.camping-lescentchenes.fr<\/strong><\/a><\/p><p>Interactive areas (the possibility to ask questions in the contact area) are available to users. <strong>Camping Les Cent Ch\u00eanes<\/strong> reserves the right to delete, without prior formal notice, any content posted in this area that contravenes legislation applicable in France, in particular provisions relating to data protection. Where applicable, <strong>Camping Les Cent Ch\u00eanes<\/strong> also reserves the right to hold the user civilly and\/or criminally liable, in particular in the event of a message of a racist, insulting, defamatory, or pornographic nature, regardless of the medium used (text, photograph, etc.).  <\/p><p> <\/p><h2><strong>  7. Applicable law and jurisdiction:<\/strong><\/h2><p>Any dispute relating to use of the website <a href=\"https:\/\/www.camping-lescentchenes.fr\/\"><strong>www.camping-lescentchenes.fr<\/strong><\/a> is subject to French law. Exclusive jurisdiction is granted to the competent courts of Paris. <\/p><p> <\/p><h2><strong>  8. Main laws concerned:<\/strong><\/h2><ul><li>Law No. 78-17 of January 6, 1978, as amended in particular by Law No. 2004-801 of August 6, 2004 relating to information technology, files, and freedoms.<\/li><li>Law No. 2004-575 of June 21, 2004 on confidence in the digital economy.<\/li><\/ul><p> <\/p><h2><strong>  9. Glossary:<\/strong><\/h2><ul><li>User: Internet user connecting to and using the aforementioned website.<\/li><li>Personal information: \u201cinformation that makes it possible, in any form whatsoever, directly or indirectly, to identify the natural persons to whom it applies\u201d (Article 4 of Law No. 78-17 of January 6, 1978).<\/li><\/ul><p> <\/p><h2><strong>  10. Security:<\/strong><\/h2><p>All necessary security measures are ensured by the host.<\/p><p> <\/p><h2><strong>  11. Hyperlinks:<\/strong><\/h2><p>Hyperlinks set up as part of this website to other resources available on the Internet, and in particular to its partners, have been subject to prior, express, written authorization from the publisher. <\/p>\t\t\t\t\t\t\t\t<\/div>\n\t\t\t\t<\/div>\n\t\t\t\t\t<\/div>\n\t\t\t\t<\/div>\n\t\t\t\t<\/div>\n\t\t","protected":false},"excerpt":{"rendered":"<p>Legal notice 1. Website presentation: Pursuant to Article 6 of Law No. 2004-575 of June 21, 2004 on confidence in the digital economy, users of the website www.camping-lescentchenes.fr are informed of the identity of the various parties involved in its creation and monitoring: Owner &amp; Publishing Director: B\u00e9n\u00e9dicte and Emmanuel Larroque Website creation, SEO and [&hellip;]<\/p>\n","protected":false},"author":1,"featured_media":2353,"parent":0,"menu_order":0,"comment_status":"closed","ping_status":"closed","template":"","meta":{"footnotes":""},"class_list":["post-2406","page","type-page","status-publish","has-post-thumbnail","hentry"],"yoast_head":"<!-- This site is optimized with the Yoast SEO plugin v27.3 - https:\/\/yoast.com\/product\/yoast-seo-wordpress\/ -->\n<title>Legal notice - Camping Les Cent Ch\u00eanes<\/title>\n<meta name=\"description\" content=\"Location de mobil-homes et emplacements de camping familial au calme pr\u00e8s de Nice et Vence \u00e0 Saint-Jeannet dans les Alpes-Maritimes. Piscine et cadre nature, r\u00e9server votre s\u00e9jour.\" \/>\n<meta name=\"robots\" content=\"noindex, nofollow\" \/>\n<meta property=\"og:locale\" content=\"en_US\" \/>\n<meta property=\"og:type\" content=\"article\" \/>\n<meta property=\"og:title\" content=\"Legal notice - Camping Les Cent Ch\u00eanes\" \/>\n<meta property=\"og:description\" content=\"Location de mobil-homes et emplacements de camping familial au calme pr\u00e8s de Nice et Vence \u00e0 Saint-Jeannet dans les Alpes-Maritimes. Piscine et cadre nature, r\u00e9server votre s\u00e9jour.\" \/>\n<meta property=\"og:url\" content=\"https:\/\/camping-lescentchenes.fr\/en\/legal-notice\/\" \/>\n<meta property=\"og:site_name\" content=\"Camping Les Cent Ch\u00eanes\" \/>\n<meta property=\"article:publisher\" content=\"https:\/\/www.facebook.com\/campinglescentchenes06\/\" \/>\n<meta property=\"article:modified_time\" content=\"2026-04-07T18:17:44+00:00\" \/>\n<meta property=\"og:image\" content=\"https:\/\/camping-lescentchenes.fr\/wp-content\/uploads\/2025\/05\/Camping-proche-de-Nice-dans-les-Alpes-Maritimes-a-Saint-Jeannet-\u2013-Reserver-un-mobil-home-pres-de-Vence-et-Cagnes-sur-Mer-3.png\" \/>\n\t<meta property=\"og:image:width\" content=\"2200\" \/>\n\t<meta property=\"og:image:height\" content=\"1200\" \/>\n\t<meta property=\"og:image:type\" content=\"image\/png\" \/>\n<meta name=\"twitter:card\" content=\"summary_large_image\" \/>\n<meta name=\"twitter:label1\" content=\"Est. reading time\" \/>\n\t<meta name=\"twitter:data1\" content=\"4 minutes\" \/>\n<script type=\"application\/ld+json\" class=\"yoast-schema-graph\">{\"@context\":\"https:\\\/\\\/schema.org\",\"@graph\":[{\"@type\":\"WebPage\",\"@id\":\"https:\\\/\\\/camping-lescentchenes.fr\\\/en\\\/legal-notice\\\/\",\"url\":\"https:\\\/\\\/camping-lescentchenes.fr\\\/en\\\/legal-notice\\\/\",\"name\":\"Legal notice - Camping Les Cent Ch\u00eanes\",\"isPartOf\":{\"@id\":\"https:\\\/\\\/camping-lescentchenes.fr\\\/en\\\/#website\"},\"primaryImageOfPage\":{\"@id\":\"https:\\\/\\\/camping-lescentchenes.fr\\\/en\\\/legal-notice\\\/#primaryimage\"},\"image\":{\"@id\":\"https:\\\/\\\/camping-lescentchenes.fr\\\/en\\\/legal-notice\\\/#primaryimage\"},\"thumbnailUrl\":\"https:\\\/\\\/camping-lescentchenes.fr\\\/wp-content\\\/uploads\\\/2025\\\/05\\\/Camping-proche-de-Nice-dans-les-Alpes-Maritimes-a-Saint-Jeannet-\u2013-Reserver-un-mobil-home-pres-de-Vence-et-Cagnes-sur-Mer-3.png\",\"datePublished\":\"2025-05-26T15:06:57+00:00\",\"dateModified\":\"2026-04-07T18:17:44+00:00\",\"description\":\"Location de mobil-homes et emplacements de camping familial au calme pr\u00e8s de Nice et Vence \u00e0 Saint-Jeannet dans les Alpes-Maritimes. Piscine et cadre nature, r\u00e9server votre s\u00e9jour.\",\"breadcrumb\":{\"@id\":\"https:\\\/\\\/camping-lescentchenes.fr\\\/en\\\/legal-notice\\\/#breadcrumb\"},\"inLanguage\":\"en-US\",\"potentialAction\":[{\"@type\":\"ReadAction\",\"target\":[\"https:\\\/\\\/camping-lescentchenes.fr\\\/en\\\/legal-notice\\\/\"]}]},{\"@type\":\"ImageObject\",\"inLanguage\":\"en-US\",\"@id\":\"https:\\\/\\\/camping-lescentchenes.fr\\\/en\\\/legal-notice\\\/#primaryimage\",\"url\":\"https:\\\/\\\/camping-lescentchenes.fr\\\/wp-content\\\/uploads\\\/2025\\\/05\\\/Camping-proche-de-Nice-dans-les-Alpes-Maritimes-a-Saint-Jeannet-\u2013-Reserver-un-mobil-home-pres-de-Vence-et-Cagnes-sur-Mer-3.png\",\"contentUrl\":\"https:\\\/\\\/camping-lescentchenes.fr\\\/wp-content\\\/uploads\\\/2025\\\/05\\\/Camping-proche-de-Nice-dans-les-Alpes-Maritimes-a-Saint-Jeannet-\u2013-Reserver-un-mobil-home-pres-de-Vence-et-Cagnes-sur-Mer-3.png\",\"width\":2200,\"height\":1200},{\"@type\":\"BreadcrumbList\",\"@id\":\"https:\\\/\\\/camping-lescentchenes.fr\\\/en\\\/legal-notice\\\/#breadcrumb\",\"itemListElement\":[{\"@type\":\"ListItem\",\"position\":1,\"name\":\"Accueil\",\"item\":\"https:\\\/\\\/camping-lescentchenes.fr\\\/en\\\/home\\\/\"},{\"@type\":\"ListItem\",\"position\":2,\"name\":\"Legal notice\"}]},{\"@type\":\"WebSite\",\"@id\":\"https:\\\/\\\/camping-lescentchenes.fr\\\/en\\\/#website\",\"url\":\"https:\\\/\\\/camping-lescentchenes.fr\\\/en\\\/\",\"name\":\"Camping Les Cent Ch\u00eanes\",\"description\":\"Camping proche de Nice et des plages \u00e0 Saint-Jeannet dans les Alpes-Maritimes Camping Les Cent Ch\u00eanes\",\"publisher\":{\"@id\":\"https:\\\/\\\/camping-lescentchenes.fr\\\/en\\\/#organization\"},\"alternateName\":\"Camping avec piscine pr\u00e8s de Nice et Vence Les Cent Ch\u00eanes\",\"potentialAction\":[{\"@type\":\"SearchAction\",\"target\":{\"@type\":\"EntryPoint\",\"urlTemplate\":\"https:\\\/\\\/camping-lescentchenes.fr\\\/en\\\/?s={search_term_string}\"},\"query-input\":{\"@type\":\"PropertyValueSpecification\",\"valueRequired\":true,\"valueName\":\"search_term_string\"}}],\"inLanguage\":\"en-US\"},{\"@type\":\"Organization\",\"@id\":\"https:\\\/\\\/camping-lescentchenes.fr\\\/en\\\/#organization\",\"name\":\"Camping avec piscine proche de Nice dans les Alpes-Maritimes \u00e0 Saint-Jeannet\",\"alternateName\":\"Camping avec piscine pr\u00e8s de Nice et Vence Les Cent Ch\u00eanes\",\"url\":\"https:\\\/\\\/camping-lescentchenes.fr\\\/en\\\/\",\"logo\":{\"@type\":\"ImageObject\",\"inLanguage\":\"en-US\",\"@id\":\"https:\\\/\\\/camping-lescentchenes.fr\\\/en\\\/#\\\/schema\\\/logo\\\/image\\\/\",\"url\":\"https:\\\/\\\/camping-lescentchenes.fr\\\/wp-content\\\/uploads\\\/2026\\\/01\\\/Camping-pres-de-Nice-et-Vence-a-Saint-Jeannet-dans-les-Alpes-Maritimes-Location-mobil-homes-et-emplacements-pres-de-Nice-et-Vence-sur-la-Cote-dAzur-06.png\",\"contentUrl\":\"https:\\\/\\\/camping-lescentchenes.fr\\\/wp-content\\\/uploads\\\/2026\\\/01\\\/Camping-pres-de-Nice-et-Vence-a-Saint-Jeannet-dans-les-Alpes-Maritimes-Location-mobil-homes-et-emplacements-pres-de-Nice-et-Vence-sur-la-Cote-dAzur-06.png\",\"width\":156,\"height\":156,\"caption\":\"Camping avec piscine proche de Nice dans les Alpes-Maritimes \u00e0 Saint-Jeannet\"},\"image\":{\"@id\":\"https:\\\/\\\/camping-lescentchenes.fr\\\/en\\\/#\\\/schema\\\/logo\\\/image\\\/\"},\"sameAs\":[\"https:\\\/\\\/www.facebook.com\\\/campinglescentchenes06\\\/\",\"https:\\\/\\\/www.instagram.com\\\/campinglescentchenes\\\/\"]}]}<\/script>\n<!-- \/ Yoast SEO plugin. -->","yoast_head_json":{"title":"Legal notice - Camping Les Cent Ch\u00eanes","description":"Location de mobil-homes et emplacements de camping familial au calme pr\u00e8s de Nice et Vence \u00e0 Saint-Jeannet dans les Alpes-Maritimes. Piscine et cadre nature, r\u00e9server votre s\u00e9jour.","robots":{"index":"noindex","follow":"nofollow"},"og_locale":"en_US","og_type":"article","og_title":"Legal notice - Camping Les Cent Ch\u00eanes","og_description":"Location de mobil-homes et emplacements de camping familial au calme pr\u00e8s de Nice et Vence \u00e0 Saint-Jeannet dans les Alpes-Maritimes. Piscine et cadre nature, r\u00e9server votre s\u00e9jour.","og_url":"https:\/\/camping-lescentchenes.fr\/en\/legal-notice\/","og_site_name":"Camping Les Cent Ch\u00eanes","article_publisher":"https:\/\/www.facebook.com\/campinglescentchenes06\/","article_modified_time":"2026-04-07T18:17:44+00:00","og_image":[{"width":2200,"height":1200,"url":"https:\/\/camping-lescentchenes.fr\/wp-content\/uploads\/2025\/05\/Camping-proche-de-Nice-dans-les-Alpes-Maritimes-a-Saint-Jeannet-\u2013-Reserver-un-mobil-home-pres-de-Vence-et-Cagnes-sur-Mer-3.png","type":"image\/png"}],"twitter_card":"summary_large_image","twitter_misc":{"Est. reading time":"4 minutes"},"schema":{"@context":"https:\/\/schema.org","@graph":[{"@type":"WebPage","@id":"https:\/\/camping-lescentchenes.fr\/en\/legal-notice\/","url":"https:\/\/camping-lescentchenes.fr\/en\/legal-notice\/","name":"Legal notice - Camping Les Cent Ch\u00eanes","isPartOf":{"@id":"https:\/\/camping-lescentchenes.fr\/en\/#website"},"primaryImageOfPage":{"@id":"https:\/\/camping-lescentchenes.fr\/en\/legal-notice\/#primaryimage"},"image":{"@id":"https:\/\/camping-lescentchenes.fr\/en\/legal-notice\/#primaryimage"},"thumbnailUrl":"https:\/\/camping-lescentchenes.fr\/wp-content\/uploads\/2025\/05\/Camping-proche-de-Nice-dans-les-Alpes-Maritimes-a-Saint-Jeannet-\u2013-Reserver-un-mobil-home-pres-de-Vence-et-Cagnes-sur-Mer-3.png","datePublished":"2025-05-26T15:06:57+00:00","dateModified":"2026-04-07T18:17:44+00:00","description":"Location de mobil-homes et emplacements de camping familial au calme pr\u00e8s de Nice et Vence \u00e0 Saint-Jeannet dans les Alpes-Maritimes. Piscine et cadre nature, r\u00e9server votre s\u00e9jour.","breadcrumb":{"@id":"https:\/\/camping-lescentchenes.fr\/en\/legal-notice\/#breadcrumb"},"inLanguage":"en-US","potentialAction":[{"@type":"ReadAction","target":["https:\/\/camping-lescentchenes.fr\/en\/legal-notice\/"]}]},{"@type":"ImageObject","inLanguage":"en-US","@id":"https:\/\/camping-lescentchenes.fr\/en\/legal-notice\/#primaryimage","url":"https:\/\/camping-lescentchenes.fr\/wp-content\/uploads\/2025\/05\/Camping-proche-de-Nice-dans-les-Alpes-Maritimes-a-Saint-Jeannet-\u2013-Reserver-un-mobil-home-pres-de-Vence-et-Cagnes-sur-Mer-3.png","contentUrl":"https:\/\/camping-lescentchenes.fr\/wp-content\/uploads\/2025\/05\/Camping-proche-de-Nice-dans-les-Alpes-Maritimes-a-Saint-Jeannet-\u2013-Reserver-un-mobil-home-pres-de-Vence-et-Cagnes-sur-Mer-3.png","width":2200,"height":1200},{"@type":"BreadcrumbList","@id":"https:\/\/camping-lescentchenes.fr\/en\/legal-notice\/#breadcrumb","itemListElement":[{"@type":"ListItem","position":1,"name":"Accueil","item":"https:\/\/camping-lescentchenes.fr\/en\/home\/"},{"@type":"ListItem","position":2,"name":"Legal notice"}]},{"@type":"WebSite","@id":"https:\/\/camping-lescentchenes.fr\/en\/#website","url":"https:\/\/camping-lescentchenes.fr\/en\/","name":"Camping Les Cent Ch\u00eanes","description":"Camping proche de Nice et des plages \u00e0 Saint-Jeannet dans les Alpes-Maritimes Camping Les Cent Ch\u00eanes","publisher":{"@id":"https:\/\/camping-lescentchenes.fr\/en\/#organization"},"alternateName":"Camping avec piscine pr\u00e8s de Nice et Vence Les Cent Ch\u00eanes","potentialAction":[{"@type":"SearchAction","target":{"@type":"EntryPoint","urlTemplate":"https:\/\/camping-lescentchenes.fr\/en\/?s={search_term_string}"},"query-input":{"@type":"PropertyValueSpecification","valueRequired":true,"valueName":"search_term_string"}}],"inLanguage":"en-US"},{"@type":"Organization","@id":"https:\/\/camping-lescentchenes.fr\/en\/#organization","name":"Camping avec piscine proche de Nice dans les Alpes-Maritimes \u00e0 Saint-Jeannet","alternateName":"Camping avec piscine pr\u00e8s de Nice et Vence Les Cent Ch\u00eanes","url":"https:\/\/camping-lescentchenes.fr\/en\/","logo":{"@type":"ImageObject","inLanguage":"en-US","@id":"https:\/\/camping-lescentchenes.fr\/en\/#\/schema\/logo\/image\/","url":"https:\/\/camping-lescentchenes.fr\/wp-content\/uploads\/2026\/01\/Camping-pres-de-Nice-et-Vence-a-Saint-Jeannet-dans-les-Alpes-Maritimes-Location-mobil-homes-et-emplacements-pres-de-Nice-et-Vence-sur-la-Cote-dAzur-06.png","contentUrl":"https:\/\/camping-lescentchenes.fr\/wp-content\/uploads\/2026\/01\/Camping-pres-de-Nice-et-Vence-a-Saint-Jeannet-dans-les-Alpes-Maritimes-Location-mobil-homes-et-emplacements-pres-de-Nice-et-Vence-sur-la-Cote-dAzur-06.png","width":156,"height":156,"caption":"Camping avec piscine proche de Nice dans les Alpes-Maritimes \u00e0 Saint-Jeannet"},"image":{"@id":"https:\/\/camping-lescentchenes.fr\/en\/#\/schema\/logo\/image\/"},"sameAs":["https:\/\/www.facebook.com\/campinglescentchenes06\/","https:\/\/www.instagram.com\/campinglescentchenes\/"]}]}},"_links":{"self":[{"href":"https:\/\/camping-lescentchenes.fr\/en\/wp-json\/wp\/v2\/pages\/2406","targetHints":{"allow":["GET"]}}],"collection":[{"href":"https:\/\/camping-lescentchenes.fr\/en\/wp-json\/wp\/v2\/pages"}],"about":[{"href":"https:\/\/camping-lescentchenes.fr\/en\/wp-json\/wp\/v2\/types\/page"}],"author":[{"embeddable":true,"href":"https:\/\/camping-lescentchenes.fr\/en\/wp-json\/wp\/v2\/users\/1"}],"replies":[{"embeddable":true,"href":"https:\/\/camping-lescentchenes.fr\/en\/wp-json\/wp\/v2\/comments?post=2406"}],"version-history":[{"count":1,"href":"https:\/\/camping-lescentchenes.fr\/en\/wp-json\/wp\/v2\/pages\/2406\/revisions"}],"predecessor-version":[{"id":2407,"href":"https:\/\/camping-lescentchenes.fr\/en\/wp-json\/wp\/v2\/pages\/2406\/revisions\/2407"}],"wp:featuredmedia":[{"embeddable":true,"href":"https:\/\/camping-lescentchenes.fr\/en\/wp-json\/wp\/v2\/media\/2353"}],"wp:attachment":[{"href":"https:\/\/camping-lescentchenes.fr\/en\/wp-json\/wp\/v2\/media?parent=2406"}],"curies":[{"name":"wp","href":"https:\/\/api.w.org\/{rel}","templated":true}]}}