{"id":2410,"date":"2026-01-18T15:05:00","date_gmt":"2026-01-18T15:05:00","guid":{"rendered":"https:\/\/camping-lescentchenes.fr\/documents-to-download\/"},"modified":"2026-04-07T18:19:51","modified_gmt":"2026-04-07T18:19:51","slug":"documents-to-download","status":"publish","type":"page","link":"https:\/\/camping-lescentchenes.fr\/en\/documents-to-download\/","title":{"rendered":"Documents to download"},"content":{"rendered":"\t\t<div data-elementor-type=\"wp-page\" data-elementor-id=\"2410\" class=\"elementor elementor-2410 elementor-1846\" data-elementor-post-type=\"page\">\n\t\t\t\t<div class=\"elementor-element elementor-element-8572081 e-flex e-con-boxed elementor-invisible e-con e-parent\" data-id=\"8572081\" data-element_type=\"container\" data-e-type=\"container\" data-settings=\"{&quot;animation&quot;:&quot;fadeIn&quot;}\">\n\t\t\t\t\t<div class=\"e-con-inner\">\n\t\t<div class=\"elementor-element elementor-element-9d59a5e e-con-full e-flex e-con e-child\" data-id=\"9d59a5e\" data-element_type=\"container\" data-e-type=\"container\">\n\t\t\t\t<div class=\"elementor-element elementor-element-c84e3ef elementor-widget elementor-widget-heading\" data-id=\"c84e3ef\" data-element_type=\"widget\" data-e-type=\"widget\" data-widget_type=\"heading.default\">\n\t\t\t\t<div class=\"elementor-widget-container\">\n\t\t\t\t\t<h1 class=\"elementor-heading-title elementor-size-default\">Find here<\/h1>\t\t\t\t<\/div>\n\t\t\t\t<\/div>\n\t\t\t\t<div class=\"elementor-element elementor-element-2191e55 elementor-widget elementor-widget-heading\" data-id=\"2191e55\" data-element_type=\"widget\" data-e-type=\"widget\" data-widget_type=\"heading.default\">\n\t\t\t\t<div class=\"elementor-widget-container\">\n\t\t\t\t\t<h2 class=\"elementor-heading-title elementor-size-default\">the documents to download<\/h2>\t\t\t\t<\/div>\n\t\t\t\t<\/div>\n\t\t\t\t<\/div>\n\t\t\t\t<div class=\"elementor-element elementor-element-cd7604c elementor-widget elementor-widget-image\" data-id=\"cd7604c\" data-element_type=\"widget\" data-e-type=\"widget\" data-widget_type=\"image.default\">\n\t\t\t\t<div class=\"elementor-widget-container\">\n\t\t\t\t\t\t\t\t\t\t\t\t\t\t\t<img decoding=\"async\" width=\"500\" height=\"84\" src=\"https:\/\/camping-lescentchenes.fr\/wp-content\/uploads\/2025\/05\/Camping-proche-de-Nice-dans-les-Alpes-Maritimes-a-Saint-Jeannet-\u2013-Reserver-un-mobil-home-pres-de-Vence-et-Cagnes-sur-Mer-Olivier1.png\" class=\"attachment-large size-large wp-image-2318\" alt=\"\" srcset=\"https:\/\/camping-lescentchenes.fr\/wp-content\/uploads\/2025\/05\/Camping-proche-de-Nice-dans-les-Alpes-Maritimes-a-Saint-Jeannet-\u2013-Reserver-un-mobil-home-pres-de-Vence-et-Cagnes-sur-Mer-Olivier1.png 500w, https:\/\/camping-lescentchenes.fr\/wp-content\/uploads\/2025\/05\/Camping-proche-de-Nice-dans-les-Alpes-Maritimes-a-Saint-Jeannet-\u2013-Reserver-un-mobil-home-pres-de-Vence-et-Cagnes-sur-Mer-Olivier1-300x50.png 300w\" sizes=\"(max-width: 500px) 100vw, 500px\" \/>\t\t\t\t\t\t\t\t\t\t\t\t\t\t\t<\/div>\n\t\t\t\t<\/div>\n\t\t\t\t<div class=\"elementor-element elementor-element-cec5fbb elementor-widget elementor-widget-text-editor\" data-id=\"cec5fbb\" data-element_type=\"widget\" data-e-type=\"widget\" data-widget_type=\"text-editor.default\">\n\t\t\t\t<div class=\"elementor-widget-container\">\n\t\t\t\t\t\t\t\t\t<p>Download for the preparation of your stay at Camping les Cent Ch\u00eanes.<\/p>\t\t\t\t\t\t\t\t<\/div>\n\t\t\t\t<\/div>\n\t\t\t\t\t<\/div>\n\t\t\t\t<\/div>\n\t\t<div class=\"elementor-element elementor-element-14fe240 e-con-full e-flex e-con e-parent\" data-id=\"14fe240\" data-element_type=\"container\" data-e-type=\"container\" data-settings=\"{&quot;sticky&quot;:&quot;top&quot;,&quot;sticky_on&quot;:[&quot;desktop&quot;,&quot;tablet&quot;,&quot;mobile&quot;],&quot;sticky_offset&quot;:0,&quot;sticky_effects_offset&quot;:0,&quot;sticky_anchor_link_offset&quot;:0}\">\n\t\t\t\t<div class=\"elementor-element elementor-element-1b3a885 elementor-widget elementor-widget-button\" data-id=\"1b3a885\" data-element_type=\"widget\" data-e-type=\"widget\" data-widget_type=\"button.default\">\n\t\t\t\t<div class=\"elementor-widget-container\">\n\t\t\t\t\t\t\t\t\t<div class=\"elementor-button-wrapper\">\n\t\t\t\t\t<a class=\"elementor-button elementor-button-link elementor-size-sm\" href=\"https:\/\/camping-lescentchenes.fr\/wp-content\/uploads\/2026\/01\/Assurance-annulation-Camping-Les-Cent-Chenes.zip\">\n\t\t\t\t\t\t<span class=\"elementor-button-content-wrapper\">\n\t\t\t\t\t\t<span class=\"elementor-button-icon\">\n\t\t\t\t<svg aria-hidden=\"true\" class=\"e-font-icon-svg e-fas-download\" viewBox=\"0 0 512 512\" xmlns=\"http:\/\/www.w3.org\/2000\/svg\"><path d=\"M216 0h80c13.3 0 24 10.7 24 24v168h87.7c17.8 0 26.7 21.5 14.1 34.1L269.7 378.3c-7.5 7.5-19.8 7.5-27.3 0L90.1 226.1c-12.6-12.6-3.7-34.1 14.1-34.1H192V24c0-13.3 10.7-24 24-24zm296 376v112c0 13.3-10.7 24-24 24H24c-13.3 0-24-10.7-24-24V376c0-13.3 10.7-24 24-24h146.7l49 49c20.1 20.1 52.5 20.1 72.6 0l49-49H488c13.3 0 24 10.7 24 24zm-124 88c0-11-9-20-20-20s-20 9-20 20 9 20 20 20 20-9 20-20zm64 0c0-11-9-20-20-20s-20 9-20 20 9 20 20 20 20-9 20-20z\"><\/path><\/svg>\t\t\t<\/span>\n\t\t\t\t\t\t\t\t\t<span class=\"elementor-button-text\">Cancellation insurance<\/span>\n\t\t\t\t\t<\/span>\n\t\t\t\t\t<\/a>\n\t\t\t\t<\/div>\n\t\t\t\t\t\t\t\t<\/div>\n\t\t\t\t<\/div>\n\t\t\t\t<div class=\"elementor-element elementor-element-a9051b4 elementor-widget elementor-widget-button\" data-id=\"a9051b4\" data-element_type=\"widget\" data-e-type=\"widget\" data-widget_type=\"button.default\">\n\t\t\t\t<div class=\"elementor-widget-container\">\n\t\t\t\t\t\t\t\t\t<div class=\"elementor-button-wrapper\">\n\t\t\t\t\t<a class=\"elementor-button elementor-button-link elementor-size-sm\" href=\"https:\/\/camping-lescentchenes.fr\/wp-content\/uploads\/2026\/01\/Tarifs-Camping-les-Cent-Chenes.zip\">\n\t\t\t\t\t\t<span class=\"elementor-button-content-wrapper\">\n\t\t\t\t\t\t<span class=\"elementor-button-icon\">\n\t\t\t\t<svg aria-hidden=\"true\" class=\"e-font-icon-svg e-fas-download\" viewBox=\"0 0 512 512\" xmlns=\"http:\/\/www.w3.org\/2000\/svg\"><path d=\"M216 0h80c13.3 0 24 10.7 24 24v168h87.7c17.8 0 26.7 21.5 14.1 34.1L269.7 378.3c-7.5 7.5-19.8 7.5-27.3 0L90.1 226.1c-12.6-12.6-3.7-34.1 14.1-34.1H192V24c0-13.3 10.7-24 24-24zm296 376v112c0 13.3-10.7 24-24 24H24c-13.3 0-24-10.7-24-24V376c0-13.3 10.7-24 24-24h146.7l49 49c20.1 20.1 52.5 20.1 72.6 0l49-49H488c13.3 0 24 10.7 24 24zm-124 88c0-11-9-20-20-20s-20 9-20 20 9 20 20 20 20-9 20-20zm64 0c0-11-9-20-20-20s-20 9-20 20 9 20 20 20 20-9 20-20z\"><\/path><\/svg>\t\t\t<\/span>\n\t\t\t\t\t\t\t\t\t<span class=\"elementor-button-text\">Accommodation rates <\/span>\n\t\t\t\t\t<\/span>\n\t\t\t\t\t<\/a>\n\t\t\t\t<\/div>\n\t\t\t\t\t\t\t\t<\/div>\n\t\t\t\t<\/div>\n\t\t\t\t<div class=\"elementor-element elementor-element-051470b elementor-widget elementor-widget-button\" data-id=\"051470b\" data-element_type=\"widget\" data-e-type=\"widget\" data-widget_type=\"button.default\">\n\t\t\t\t<div class=\"elementor-widget-container\">\n\t\t\t\t\t\t\t\t\t<div class=\"elementor-button-wrapper\">\n\t\t\t\t\t<a class=\"elementor-button elementor-button-link elementor-size-sm\" href=\"#\">\n\t\t\t\t\t\t<span class=\"elementor-button-content-wrapper\">\n\t\t\t\t\t\t<span class=\"elementor-button-icon\">\n\t\t\t\t<svg aria-hidden=\"true\" class=\"e-font-icon-svg e-fas-download\" viewBox=\"0 0 512 512\" xmlns=\"http:\/\/www.w3.org\/2000\/svg\"><path d=\"M216 0h80c13.3 0 24 10.7 24 24v168h87.7c17.8 0 26.7 21.5 14.1 34.1L269.7 378.3c-7.5 7.5-19.8 7.5-27.3 0L90.1 226.1c-12.6-12.6-3.7-34.1 14.1-34.1H192V24c0-13.3 10.7-24 24-24zm296 376v112c0 13.3-10.7 24-24 24H24c-13.3 0-24-10.7-24-24V376c0-13.3 10.7-24 24-24h146.7l49 49c20.1 20.1 52.5 20.1 72.6 0l49-49H488c13.3 0 24 10.7 24 24zm-124 88c0-11-9-20-20-20s-20 9-20 20 9 20 20 20 20-9 20-20zm64 0c0-11-9-20-20-20s-20 9-20 20 9 20 20 20 20-9 20-20z\"><\/path><\/svg>\t\t\t<\/span>\n\t\t\t\t\t\t\t\t\t<span class=\"elementor-button-text\">Campsite map<\/span>\n\t\t\t\t\t<\/span>\n\t\t\t\t\t<\/a>\n\t\t\t\t<\/div>\n\t\t\t\t\t\t\t\t<\/div>\n\t\t\t\t<\/div>\n\t\t\t\t<\/div>\n\t\t<div class=\"elementor-element elementor-element-f546f2a e-flex e-con-boxed e-con e-parent\" data-id=\"f546f2a\" data-element_type=\"container\" data-e-type=\"container\">\n\t\t\t\t\t<div class=\"e-con-inner\">\n\t\t\t\t<div class=\"elementor-element elementor-element-064beb8 elementor-widget elementor-widget-spacer\" data-id=\"064beb8\" data-element_type=\"widget\" data-e-type=\"widget\" data-widget_type=\"spacer.default\">\n\t\t\t\t<div class=\"elementor-widget-container\">\n\t\t\t\t\t\t\t<div class=\"elementor-spacer\">\n\t\t\t<div class=\"elementor-spacer-inner\"><\/div>\n\t\t<\/div>\n\t\t\t\t\t\t<\/div>\n\t\t\t\t<\/div>\n\t\t\t\t\t<\/div>\n\t\t\t\t<\/div>\n\t\t<div class=\"elementor-element elementor-element-ae635b7 e-con-full e-flex e-con e-parent\" data-id=\"ae635b7\" data-element_type=\"container\" data-e-type=\"container\" data-settings=\"{&quot;sticky&quot;:&quot;top&quot;,&quot;sticky_on&quot;:[&quot;desktop&quot;,&quot;tablet&quot;,&quot;mobile&quot;],&quot;sticky_offset&quot;:0,&quot;sticky_effects_offset&quot;:0,&quot;sticky_anchor_link_offset&quot;:0}\">\n\t\t\t\t<div class=\"elementor-element elementor-element-58762b1 elementor-widget elementor-widget-button\" data-id=\"58762b1\" data-element_type=\"widget\" data-e-type=\"widget\" data-widget_type=\"button.default\">\n\t\t\t\t<div class=\"elementor-widget-container\">\n\t\t\t\t\t\t\t\t\t<div class=\"elementor-button-wrapper\">\n\t\t\t\t\t<a class=\"elementor-button elementor-button-link elementor-size-sm\" href=\"https:\/\/camping-lescentchenes.fr\/wp-content\/uploads\/2026\/01\/2026-CGV-FR-Camping-Les-Cent-Chenes.zip\">\n\t\t\t\t\t\t<span class=\"elementor-button-content-wrapper\">\n\t\t\t\t\t\t<span class=\"elementor-button-icon\">\n\t\t\t\t<svg aria-hidden=\"true\" class=\"e-font-icon-svg e-fas-download\" viewBox=\"0 0 512 512\" xmlns=\"http:\/\/www.w3.org\/2000\/svg\"><path d=\"M216 0h80c13.3 0 24 10.7 24 24v168h87.7c17.8 0 26.7 21.5 14.1 34.1L269.7 378.3c-7.5 7.5-19.8 7.5-27.3 0L90.1 226.1c-12.6-12.6-3.7-34.1 14.1-34.1H192V24c0-13.3 10.7-24 24-24zm296 376v112c0 13.3-10.7 24-24 24H24c-13.3 0-24-10.7-24-24V376c0-13.3 10.7-24 24-24h146.7l49 49c20.1 20.1 52.5 20.1 72.6 0l49-49H488c13.3 0 24 10.7 24 24zm-124 88c0-11-9-20-20-20s-20 9-20 20 9 20 20 20 20-9 20-20zm64 0c0-11-9-20-20-20s-20 9-20 20 9 20 20 20 20-9 20-20z\"><\/path><\/svg>\t\t\t<\/span>\n\t\t\t\t\t\t\t\t\t<span class=\"elementor-button-text\">General terms and conditions of sale<\/span>\n\t\t\t\t\t<\/span>\n\t\t\t\t\t<\/a>\n\t\t\t\t<\/div>\n\t\t\t\t\t\t\t\t<\/div>\n\t\t\t\t<\/div>\n\t\t\t\t<div class=\"elementor-element elementor-element-62ee028 elementor-widget elementor-widget-button\" data-id=\"62ee028\" data-element_type=\"widget\" data-e-type=\"widget\" data-widget_type=\"button.default\">\n\t\t\t\t<div class=\"elementor-widget-container\">\n\t\t\t\t\t\t\t\t\t<div class=\"elementor-button-wrapper\">\n\t\t\t\t\t<a class=\"elementor-button elementor-button-link elementor-size-sm\" href=\"https:\/\/camping-lescentchenes.fr\/wp-content\/uploads\/2026\/01\/Bon-de-reservation-FR.zip\">\n\t\t\t\t\t\t<span class=\"elementor-button-content-wrapper\">\n\t\t\t\t\t\t<span class=\"elementor-button-icon\">\n\t\t\t\t<svg aria-hidden=\"true\" class=\"e-font-icon-svg e-fas-download\" viewBox=\"0 0 512 512\" xmlns=\"http:\/\/www.w3.org\/2000\/svg\"><path d=\"M216 0h80c13.3 0 24 10.7 24 24v168h87.7c17.8 0 26.7 21.5 14.1 34.1L269.7 378.3c-7.5 7.5-19.8 7.5-27.3 0L90.1 226.1c-12.6-12.6-3.7-34.1 14.1-34.1H192V24c0-13.3 10.7-24 24-24zm296 376v112c0 13.3-10.7 24-24 24H24c-13.3 0-24-10.7-24-24V376c0-13.3 10.7-24 24-24h146.7l49 49c20.1 20.1 52.5 20.1 72.6 0l49-49H488c13.3 0 24 10.7 24 24zm-124 88c0-11-9-20-20-20s-20 9-20 20 9 20 20 20 20-9 20-20zm64 0c0-11-9-20-20-20s-20 9-20 20 9 20 20 20 20-9 20-20z\"><\/path><\/svg>\t\t\t<\/span>\n\t\t\t\t\t\t\t\t\t<span class=\"elementor-button-text\">Booking contract<\/span>\n\t\t\t\t\t<\/span>\n\t\t\t\t\t<\/a>\n\t\t\t\t<\/div>\n\t\t\t\t\t\t\t\t<\/div>\n\t\t\t\t<\/div>\n\t\t\t\t<\/div>\n\t\t<div class=\"elementor-element elementor-element-dae1850 e-flex e-con-boxed e-con e-parent\" data-id=\"dae1850\" data-element_type=\"container\" data-e-type=\"container\">\n\t\t\t\t\t<div class=\"e-con-inner\">\n\t\t\t\t<div class=\"elementor-element elementor-element-3659075 elementor-widget elementor-widget-spacer\" data-id=\"3659075\" data-element_type=\"widget\" data-e-type=\"widget\" data-widget_type=\"spacer.default\">\n\t\t\t\t<div class=\"elementor-widget-container\">\n\t\t\t\t\t\t\t<div class=\"elementor-spacer\">\n\t\t\t<div class=\"elementor-spacer-inner\"><\/div>\n\t\t<\/div>\n\t\t\t\t\t\t<\/div>\n\t\t\t\t<\/div>\n\t\t\t\t\t<\/div>\n\t\t\t\t<\/div>\n\t\t\t\t<\/div>\n\t\t","protected":false},"excerpt":{"rendered":"<p>Find here the documents to download Download for the preparation of your stay at Camping les Cent Ch\u00eanes. Cancellation insurance Accommodation rates Campsite map General terms and conditions of sale Booking contract<\/p>\n","protected":false},"author":1,"featured_media":2360,"parent":0,"menu_order":0,"comment_status":"closed","ping_status":"closed","template":"","meta":{"footnotes":""},"class_list":["post-2410","page","type-page","status-publish","has-post-thumbnail","hentry"],"yoast_head":"<!-- This site is optimized with the Yoast SEO plugin v27.3 - https:\/\/yoast.com\/product\/yoast-seo-wordpress\/ -->\n<title>Documents to download - Camping Les Cent Ch\u00eanes<\/title>\n<meta name=\"description\" content=\"Location de mobil-homes et emplacements de camping familial au calme pr\u00e8s de Nice et Vence \u00e0 Saint-Jeannet dans les Alpes-Maritimes. Piscine et cadre nature, r\u00e9server votre s\u00e9jour.\" \/>\n<meta name=\"robots\" content=\"noindex, nofollow\" \/>\n<meta property=\"og:locale\" content=\"en_US\" \/>\n<meta property=\"og:type\" content=\"article\" \/>\n<meta property=\"og:title\" content=\"Documents to download - Camping Les Cent Ch\u00eanes\" \/>\n<meta property=\"og:description\" content=\"Location de mobil-homes et emplacements de camping familial au calme pr\u00e8s de Nice et Vence \u00e0 Saint-Jeannet dans les Alpes-Maritimes. Piscine et cadre nature, r\u00e9server votre s\u00e9jour.\" \/>\n<meta property=\"og:url\" content=\"https:\/\/camping-lescentchenes.fr\/en\/documents-to-download\/\" \/>\n<meta property=\"og:site_name\" content=\"Camping Les Cent Ch\u00eanes\" \/>\n<meta property=\"article:publisher\" content=\"https:\/\/www.facebook.com\/campinglescentchenes06\/\" \/>\n<meta property=\"article:modified_time\" content=\"2026-04-07T18:19:51+00:00\" \/>\n<meta property=\"og:image\" content=\"https:\/\/camping-lescentchenes.fr\/wp-content\/uploads\/2025\/05\/Camping-proche-de-Nice-dans-les-Alpes-Maritimes-a-Saint-Jeannet-\u2013-Reserver-un-mobil-home-pres-de-Vence-et-Cagnes-sur-Mer-informations-pratiques.webp\" \/>\n\t<meta property=\"og:image:width\" content=\"2000\" \/>\n\t<meta property=\"og:image:height\" content=\"1200\" \/>\n\t<meta property=\"og:image:type\" content=\"image\/webp\" \/>\n<meta name=\"twitter:card\" content=\"summary_large_image\" \/>\n<script type=\"application\/ld+json\" class=\"yoast-schema-graph\">{\"@context\":\"https:\\\/\\\/schema.org\",\"@graph\":[{\"@type\":\"WebPage\",\"@id\":\"https:\\\/\\\/camping-lescentchenes.fr\\\/en\\\/documents-to-download\\\/\",\"url\":\"https:\\\/\\\/camping-lescentchenes.fr\\\/en\\\/documents-to-download\\\/\",\"name\":\"Documents to download - Camping Les Cent Ch\u00eanes\",\"isPartOf\":{\"@id\":\"https:\\\/\\\/camping-lescentchenes.fr\\\/en\\\/#website\"},\"primaryImageOfPage\":{\"@id\":\"https:\\\/\\\/camping-lescentchenes.fr\\\/en\\\/documents-to-download\\\/#primaryimage\"},\"image\":{\"@id\":\"https:\\\/\\\/camping-lescentchenes.fr\\\/en\\\/documents-to-download\\\/#primaryimage\"},\"thumbnailUrl\":\"https:\\\/\\\/camping-lescentchenes.fr\\\/wp-content\\\/uploads\\\/2025\\\/05\\\/Camping-proche-de-Nice-dans-les-Alpes-Maritimes-a-Saint-Jeannet-\u2013-Reserver-un-mobil-home-pres-de-Vence-et-Cagnes-sur-Mer-informations-pratiques.webp\",\"datePublished\":\"2026-01-18T15:05:00+00:00\",\"dateModified\":\"2026-04-07T18:19:51+00:00\",\"description\":\"Location de mobil-homes et emplacements de camping familial au calme pr\u00e8s de Nice et Vence \u00e0 Saint-Jeannet dans les Alpes-Maritimes. Piscine et cadre nature, r\u00e9server votre s\u00e9jour.\",\"breadcrumb\":{\"@id\":\"https:\\\/\\\/camping-lescentchenes.fr\\\/en\\\/documents-to-download\\\/#breadcrumb\"},\"inLanguage\":\"en-US\",\"potentialAction\":[{\"@type\":\"ReadAction\",\"target\":[\"https:\\\/\\\/camping-lescentchenes.fr\\\/en\\\/documents-to-download\\\/\"]}]},{\"@type\":\"ImageObject\",\"inLanguage\":\"en-US\",\"@id\":\"https:\\\/\\\/camping-lescentchenes.fr\\\/en\\\/documents-to-download\\\/#primaryimage\",\"url\":\"https:\\\/\\\/camping-lescentchenes.fr\\\/wp-content\\\/uploads\\\/2025\\\/05\\\/Camping-proche-de-Nice-dans-les-Alpes-Maritimes-a-Saint-Jeannet-\u2013-Reserver-un-mobil-home-pres-de-Vence-et-Cagnes-sur-Mer-informations-pratiques.webp\",\"contentUrl\":\"https:\\\/\\\/camping-lescentchenes.fr\\\/wp-content\\\/uploads\\\/2025\\\/05\\\/Camping-proche-de-Nice-dans-les-Alpes-Maritimes-a-Saint-Jeannet-\u2013-Reserver-un-mobil-home-pres-de-Vence-et-Cagnes-sur-Mer-informations-pratiques.webp\",\"width\":2000,\"height\":1200},{\"@type\":\"BreadcrumbList\",\"@id\":\"https:\\\/\\\/camping-lescentchenes.fr\\\/en\\\/documents-to-download\\\/#breadcrumb\",\"itemListElement\":[{\"@type\":\"ListItem\",\"position\":1,\"name\":\"Accueil\",\"item\":\"https:\\\/\\\/camping-lescentchenes.fr\\\/en\\\/home\\\/\"},{\"@type\":\"ListItem\",\"position\":2,\"name\":\"Documents to download\"}]},{\"@type\":\"WebSite\",\"@id\":\"https:\\\/\\\/camping-lescentchenes.fr\\\/en\\\/#website\",\"url\":\"https:\\\/\\\/camping-lescentchenes.fr\\\/en\\\/\",\"name\":\"Camping Les Cent Ch\u00eanes\",\"description\":\"Camping proche de Nice et des plages \u00e0 Saint-Jeannet dans les Alpes-Maritimes Camping Les Cent Ch\u00eanes\",\"publisher\":{\"@id\":\"https:\\\/\\\/camping-lescentchenes.fr\\\/en\\\/#organization\"},\"alternateName\":\"Camping avec piscine pr\u00e8s de Nice et Vence Les Cent Ch\u00eanes\",\"potentialAction\":[{\"@type\":\"SearchAction\",\"target\":{\"@type\":\"EntryPoint\",\"urlTemplate\":\"https:\\\/\\\/camping-lescentchenes.fr\\\/en\\\/?s={search_term_string}\"},\"query-input\":{\"@type\":\"PropertyValueSpecification\",\"valueRequired\":true,\"valueName\":\"search_term_string\"}}],\"inLanguage\":\"en-US\"},{\"@type\":\"Organization\",\"@id\":\"https:\\\/\\\/camping-lescentchenes.fr\\\/en\\\/#organization\",\"name\":\"Camping avec piscine proche de Nice dans les Alpes-Maritimes \u00e0 Saint-Jeannet\",\"alternateName\":\"Camping avec piscine pr\u00e8s de Nice et Vence Les Cent Ch\u00eanes\",\"url\":\"https:\\\/\\\/camping-lescentchenes.fr\\\/en\\\/\",\"logo\":{\"@type\":\"ImageObject\",\"inLanguage\":\"en-US\",\"@id\":\"https:\\\/\\\/camping-lescentchenes.fr\\\/en\\\/#\\\/schema\\\/logo\\\/image\\\/\",\"url\":\"https:\\\/\\\/camping-lescentchenes.fr\\\/wp-content\\\/uploads\\\/2026\\\/01\\\/Camping-pres-de-Nice-et-Vence-a-Saint-Jeannet-dans-les-Alpes-Maritimes-Location-mobil-homes-et-emplacements-pres-de-Nice-et-Vence-sur-la-Cote-dAzur-06.png\",\"contentUrl\":\"https:\\\/\\\/camping-lescentchenes.fr\\\/wp-content\\\/uploads\\\/2026\\\/01\\\/Camping-pres-de-Nice-et-Vence-a-Saint-Jeannet-dans-les-Alpes-Maritimes-Location-mobil-homes-et-emplacements-pres-de-Nice-et-Vence-sur-la-Cote-dAzur-06.png\",\"width\":156,\"height\":156,\"caption\":\"Camping avec piscine proche de Nice dans les Alpes-Maritimes \u00e0 Saint-Jeannet\"},\"image\":{\"@id\":\"https:\\\/\\\/camping-lescentchenes.fr\\\/en\\\/#\\\/schema\\\/logo\\\/image\\\/\"},\"sameAs\":[\"https:\\\/\\\/www.facebook.com\\\/campinglescentchenes06\\\/\",\"https:\\\/\\\/www.instagram.com\\\/campinglescentchenes\\\/\"]}]}<\/script>\n<!-- \/ Yoast SEO plugin. -->","yoast_head_json":{"title":"Documents to download - Camping Les Cent Ch\u00eanes","description":"Location de mobil-homes et emplacements de camping familial au calme pr\u00e8s de Nice et Vence \u00e0 Saint-Jeannet dans les Alpes-Maritimes. Piscine et cadre nature, r\u00e9server votre s\u00e9jour.","robots":{"index":"noindex","follow":"nofollow"},"og_locale":"en_US","og_type":"article","og_title":"Documents to download - Camping Les Cent Ch\u00eanes","og_description":"Location de mobil-homes et emplacements de camping familial au calme pr\u00e8s de Nice et Vence \u00e0 Saint-Jeannet dans les Alpes-Maritimes. Piscine et cadre nature, r\u00e9server votre s\u00e9jour.","og_url":"https:\/\/camping-lescentchenes.fr\/en\/documents-to-download\/","og_site_name":"Camping Les Cent Ch\u00eanes","article_publisher":"https:\/\/www.facebook.com\/campinglescentchenes06\/","article_modified_time":"2026-04-07T18:19:51+00:00","og_image":[{"width":2000,"height":1200,"url":"https:\/\/camping-lescentchenes.fr\/wp-content\/uploads\/2025\/05\/Camping-proche-de-Nice-dans-les-Alpes-Maritimes-a-Saint-Jeannet-\u2013-Reserver-un-mobil-home-pres-de-Vence-et-Cagnes-sur-Mer-informations-pratiques.webp","type":"image\/webp"}],"twitter_card":"summary_large_image","schema":{"@context":"https:\/\/schema.org","@graph":[{"@type":"WebPage","@id":"https:\/\/camping-lescentchenes.fr\/en\/documents-to-download\/","url":"https:\/\/camping-lescentchenes.fr\/en\/documents-to-download\/","name":"Documents to download - Camping Les Cent Ch\u00eanes","isPartOf":{"@id":"https:\/\/camping-lescentchenes.fr\/en\/#website"},"primaryImageOfPage":{"@id":"https:\/\/camping-lescentchenes.fr\/en\/documents-to-download\/#primaryimage"},"image":{"@id":"https:\/\/camping-lescentchenes.fr\/en\/documents-to-download\/#primaryimage"},"thumbnailUrl":"https:\/\/camping-lescentchenes.fr\/wp-content\/uploads\/2025\/05\/Camping-proche-de-Nice-dans-les-Alpes-Maritimes-a-Saint-Jeannet-\u2013-Reserver-un-mobil-home-pres-de-Vence-et-Cagnes-sur-Mer-informations-pratiques.webp","datePublished":"2026-01-18T15:05:00+00:00","dateModified":"2026-04-07T18:19:51+00:00","description":"Location de mobil-homes et emplacements de camping familial au calme pr\u00e8s de Nice et Vence \u00e0 Saint-Jeannet dans les Alpes-Maritimes. Piscine et cadre nature, r\u00e9server votre s\u00e9jour.","breadcrumb":{"@id":"https:\/\/camping-lescentchenes.fr\/en\/documents-to-download\/#breadcrumb"},"inLanguage":"en-US","potentialAction":[{"@type":"ReadAction","target":["https:\/\/camping-lescentchenes.fr\/en\/documents-to-download\/"]}]},{"@type":"ImageObject","inLanguage":"en-US","@id":"https:\/\/camping-lescentchenes.fr\/en\/documents-to-download\/#primaryimage","url":"https:\/\/camping-lescentchenes.fr\/wp-content\/uploads\/2025\/05\/Camping-proche-de-Nice-dans-les-Alpes-Maritimes-a-Saint-Jeannet-\u2013-Reserver-un-mobil-home-pres-de-Vence-et-Cagnes-sur-Mer-informations-pratiques.webp","contentUrl":"https:\/\/camping-lescentchenes.fr\/wp-content\/uploads\/2025\/05\/Camping-proche-de-Nice-dans-les-Alpes-Maritimes-a-Saint-Jeannet-\u2013-Reserver-un-mobil-home-pres-de-Vence-et-Cagnes-sur-Mer-informations-pratiques.webp","width":2000,"height":1200},{"@type":"BreadcrumbList","@id":"https:\/\/camping-lescentchenes.fr\/en\/documents-to-download\/#breadcrumb","itemListElement":[{"@type":"ListItem","position":1,"name":"Accueil","item":"https:\/\/camping-lescentchenes.fr\/en\/home\/"},{"@type":"ListItem","position":2,"name":"Documents to download"}]},{"@type":"WebSite","@id":"https:\/\/camping-lescentchenes.fr\/en\/#website","url":"https:\/\/camping-lescentchenes.fr\/en\/","name":"Camping Les Cent Ch\u00eanes","description":"Camping proche de Nice et des plages \u00e0 Saint-Jeannet dans les Alpes-Maritimes Camping Les Cent Ch\u00eanes","publisher":{"@id":"https:\/\/camping-lescentchenes.fr\/en\/#organization"},"alternateName":"Camping avec piscine pr\u00e8s de Nice et Vence Les Cent Ch\u00eanes","potentialAction":[{"@type":"SearchAction","target":{"@type":"EntryPoint","urlTemplate":"https:\/\/camping-lescentchenes.fr\/en\/?s={search_term_string}"},"query-input":{"@type":"PropertyValueSpecification","valueRequired":true,"valueName":"search_term_string"}}],"inLanguage":"en-US"},{"@type":"Organization","@id":"https:\/\/camping-lescentchenes.fr\/en\/#organization","name":"Camping avec piscine proche de Nice dans les Alpes-Maritimes \u00e0 Saint-Jeannet","alternateName":"Camping avec piscine pr\u00e8s de Nice et Vence Les Cent Ch\u00eanes","url":"https:\/\/camping-lescentchenes.fr\/en\/","logo":{"@type":"ImageObject","inLanguage":"en-US","@id":"https:\/\/camping-lescentchenes.fr\/en\/#\/schema\/logo\/image\/","url":"https:\/\/camping-lescentchenes.fr\/wp-content\/uploads\/2026\/01\/Camping-pres-de-Nice-et-Vence-a-Saint-Jeannet-dans-les-Alpes-Maritimes-Location-mobil-homes-et-emplacements-pres-de-Nice-et-Vence-sur-la-Cote-dAzur-06.png","contentUrl":"https:\/\/camping-lescentchenes.fr\/wp-content\/uploads\/2026\/01\/Camping-pres-de-Nice-et-Vence-a-Saint-Jeannet-dans-les-Alpes-Maritimes-Location-mobil-homes-et-emplacements-pres-de-Nice-et-Vence-sur-la-Cote-dAzur-06.png","width":156,"height":156,"caption":"Camping avec piscine proche de Nice dans les Alpes-Maritimes \u00e0 Saint-Jeannet"},"image":{"@id":"https:\/\/camping-lescentchenes.fr\/en\/#\/schema\/logo\/image\/"},"sameAs":["https:\/\/www.facebook.com\/campinglescentchenes06\/","https:\/\/www.instagram.com\/campinglescentchenes\/"]}]}},"_links":{"self":[{"href":"https:\/\/camping-lescentchenes.fr\/en\/wp-json\/wp\/v2\/pages\/2410","targetHints":{"allow":["GET"]}}],"collection":[{"href":"https:\/\/camping-lescentchenes.fr\/en\/wp-json\/wp\/v2\/pages"}],"about":[{"href":"https:\/\/camping-lescentchenes.fr\/en\/wp-json\/wp\/v2\/types\/page"}],"author":[{"embeddable":true,"href":"https:\/\/camping-lescentchenes.fr\/en\/wp-json\/wp\/v2\/users\/1"}],"replies":[{"embeddable":true,"href":"https:\/\/camping-lescentchenes.fr\/en\/wp-json\/wp\/v2\/comments?post=2410"}],"version-history":[{"count":1,"href":"https:\/\/camping-lescentchenes.fr\/en\/wp-json\/wp\/v2\/pages\/2410\/revisions"}],"predecessor-version":[{"id":2411,"href":"https:\/\/camping-lescentchenes.fr\/en\/wp-json\/wp\/v2\/pages\/2410\/revisions\/2411"}],"wp:featuredmedia":[{"embeddable":true,"href":"https:\/\/camping-lescentchenes.fr\/en\/wp-json\/wp\/v2\/media\/2360"}],"wp:attachment":[{"href":"https:\/\/camping-lescentchenes.fr\/en\/wp-json\/wp\/v2\/media?parent=2410"}],"curies":[{"name":"wp","href":"https:\/\/api.w.org\/{rel}","templated":true}]}}